{"id":140,"date":"2019-10-26T11:01:18","date_gmt":"2019-10-26T09:01:18","guid":{"rendered":"http:\/\/jciidun.cluster028.hosting.ovh.net\/?page_id=140"},"modified":"2021-05-13T15:50:55","modified_gmt":"2021-05-13T13:50:55","slug":"adventures","status":"publish","type":"page","link":"https:\/\/www.bikelagrave.com\/fr\/adventures\/","title":{"rendered":"Aventures"},"content":{"rendered":"<section class=\"wpb-content-wrapper\">[vc_row][vc_column][vc_column_text]\n<h1 style=\"text-align: center;\">Aventures<\/h1>\n<h3 style=\"text-align: center;\"><em><span style=\"font-weight: 400;\">Les plus beaux parcours en VTT autour de La Grave, France.<\/span><\/em><\/h3>\n<p>&nbsp;<\/p>\n<p style=\"text-align: center;\"><em><strong>Que vous recherchiez une descente hors-norme et technique, un long voyage en enduro ou une balade tranquille en montagne, La Grave est l&#8217;endroit id\u00e9al. <\/strong><\/em><\/p>\n<p style=\"text-align: center;\"><em><strong>Entour\u00e9e de glaciers et de sommets alpins, La Grave est un village paisible loin des sentiers battus du reste des Alpes fran\u00e7aises.<\/strong><\/em><\/p>\n<p style=\"text-align: center;\"><em><strong> Retrouvez-nous dans la solitude et la beaut\u00e9 de cet endroit incroyable et pr\u00e9parez-vous aux plus beaux panoramas et sentiers comme vous n\u2019avez jamais vus !<\/strong><\/em><\/p>\n[\/vc_column_text][\/vc_column][\/vc_row][vc_row gap=&#8221;10&#8243; equal_height=&#8221;yes&#8221;][vc_column width=&#8221;1\/3&#8243; css=&#8221;.vc_custom_1572085721696{border-top-width: 1px !important;border-right-width: 1px !important;border-bottom-width: 1px !important;border-left-width: 1px !important;border-left-color: #000000 !important;border-left-style: solid !important;border-right-color: #000000 !important;border-right-style: solid !important;border-top-color: #000000 !important;border-top-style: solid !important;border-bottom-color: #000000 !important;border-bottom-style: solid !important;border-radius: 1px !important;}&#8221;][vc_single_image image=&#8221;669&#8243; img_size=&#8221;350&#215;350&#8243; alignment=&#8221;center&#8221; onclick=&#8221;custom_link&#8221; link=&#8221;https:\/\/www.bikelagrave.com\/fr\/downhill\/&#8221;][vc_column_text]\n<h1 style=\"text-align: center;\"><a href=\"https:\/\/www.bikelagrave.com\/downhill\/\">Descente<\/a><\/h1>\n<h4 style=\"text-align: center;\"><em><span style=\"font-weight: 400;\">Descente depuis les remont\u00e9es m\u00e9caniques sur des sentiers techniques de haute montagne<\/span><\/em><\/h4>\n[\/vc_column_text][\/vc_column][vc_column width=&#8221;1\/3&#8243; css=&#8221;.vc_custom_1572085875668{border-top-width: 1px !important;border-right-width: 1px !important;border-bottom-width: 1px !important;border-left-width: 1px !important;border-left-color: #000000 !important;border-left-style: solid !important;border-right-color: #000000 !important;border-right-style: solid !important;border-top-color: #000000 !important;border-top-style: solid !important;border-bottom-color: #000000 !important;border-bottom-style: solid !important;border-radius: 1px !important;}&#8221;][vc_single_image image=&#8221;473&#8243; img_size=&#8221;350&#215;350&#8243; alignment=&#8221;center&#8221; onclick=&#8221;custom_link&#8221; link=&#8221;https:\/\/www.bikelagrave.com\/fr\/enduro\/&#8221;][vc_column_text]\n<h1 style=\"text-align: center;\"><a href=\"https:\/\/www.bikelagrave.com\/enduro\/\">Enduro<\/a><\/h1>\n<h4 style=\"text-align: center;\"><em><span style=\"font-weight: 400;\">Sorties navette pour mieux explorer les endroits sauvages<\/span><\/em><\/h4>\n[\/vc_column_text][\/vc_column][vc_column width=&#8221;1\/3&#8243; css=&#8221;.vc_custom_1572087805120{border-top-width: 1px !important;border-right-width: 1px !important;border-bottom-width: 1px !important;border-left-width: 1px !important;border-left-color: #000000 !important;border-left-style: solid !important;border-right-color: #000000 !important;border-right-style: solid !important;border-top-color: #000000 !important;border-top-style: solid !important;border-bottom-color: #000000 !important;border-bottom-style: solid !important;border-radius: 1px !important;}&#8221;][vc_single_image image=&#8221;853&#8243; img_size=&#8221;350&#215;350&#8243; alignment=&#8221;center&#8221; onclick=&#8221;custom_link&#8221; link=&#8221;https:\/\/www.bikelagrave.com\/fr\/allmountain\/&#8221;][vc_column_text]\n<h1 style=\"text-align: center;\"><a href=\"https:\/\/www.bikelagrave.com\/allmountain\/\">All Mountain<\/a><\/h1>\n<h4 style=\"text-align: center;\"><span style=\"font-weight: 400;\">Des randonn\u00e9es \u00e0 la p\u00e9dale pour tester vos limites \u00e0 la mont\u00e9e comme \u00e0 la descente<\/span><\/h4>\n[\/vc_column_text][\/vc_column][\/vc_row][vc_row gap=&#8221;10&#8243; equal_height=&#8221;yes&#8221;][vc_column width=&#8221;1\/3&#8243; css=&#8221;.vc_custom_1572085721696{border-top-width: 1px !important;border-right-width: 1px !important;border-bottom-width: 1px !important;border-left-width: 1px !important;border-left-color: #000000 !important;border-left-style: solid !important;border-right-color: #000000 !important;border-right-style: solid !important;border-top-color: #000000 !important;border-top-style: solid !important;border-bottom-color: #000000 !important;border-bottom-style: solid !important;border-radius: 1px !important;}&#8221;][vc_single_image image=&#8221;852&#8243; img_size=&#8221;350&#215;350&#8243; alignment=&#8221;center&#8221; onclick=&#8221;custom_link&#8221; link=&#8221;https:\/\/www.bikelagrave.com\/fr\/adventure-weeks\/&#8221;][vc_column_text]\n<h1 style=\"text-align: center;\"><a href=\"https:\/\/www.bikelagrave.com\/adventure-weeks\/\">S\u00e9jours VTT<\/a><\/h1>\n<p style=\"text-align: center;\"><em><span style=\"font-weight: 400;\">D\u00e9couvrez au fil des jours cette r\u00e9gion montagneuse incroyable avec votre v\u00e9lo<\/span><\/em><\/p>\n[\/vc_column_text][\/vc_column][vc_column width=&#8221;1\/3&#8243; css=&#8221;.vc_custom_1572085875668{border-top-width: 1px !important;border-right-width: 1px !important;border-bottom-width: 1px !important;border-left-width: 1px !important;border-left-color: #000000 !important;border-left-style: solid !important;border-right-color: #000000 !important;border-right-style: solid !important;border-top-color: #000000 !important;border-top-style: solid !important;border-bottom-color: #000000 !important;border-bottom-style: solid !important;border-radius: 1px !important;}&#8221;][vc_single_image image=&#8221;971&#8243; img_size=&#8221;350&#215;350&#8243; alignment=&#8221;center&#8221; onclick=&#8221;custom_link&#8221; link=&#8221;https:\/\/www.bikelagrave.com\/fr\/courses\/&#8221;][vc_column_text]\n<h1 style=\"text-align: center;\"><a href=\"https:\/\/www.bikelagrave.com\/courses\/\">Formation<\/a><\/h1>\n<h4 style=\"text-align: center;\"><span style=\"font-weight: 400;\">Devenez autonome en montagne<\/span><\/h4>\n[\/vc_column_text][\/vc_column][vc_column width=&#8221;1\/3&#8243; css=&#8221;.vc_custom_1572087805120{border-top-width: 1px !important;border-right-width: 1px !important;border-bottom-width: 1px !important;border-left-width: 1px !important;border-left-color: #000000 !important;border-left-style: solid !important;border-right-color: #000000 !important;border-right-style: solid !important;border-top-color: #000000 !important;border-top-style: solid !important;border-bottom-color: #000000 !important;border-bottom-style: solid !important;border-radius: 1px !important;}&#8221;][vc_single_image image=&#8221;869&#8243; img_size=&#8221;350&#215;350&#8243; alignment=&#8221;center&#8221; onclick=&#8221;custom_link&#8221; link=&#8221;https:\/\/www.bikelagrave.com\/fr\/custom\/&#8221;][vc_column_text]\n<h1 style=\"text-align: center;\"><a href=\"https:\/\/www.bikelagrave.com\/custom\/\">Sur Mesure<\/a><\/h1>\n<h4 style=\"text-align: center;\"><span style=\"font-weight: 400;\">Inventez votre s\u00e9jour<\/span><\/h4>\n[\/vc_column_text][\/vc_column][\/vc_row][vc_row][vc_column][vc_empty_space][\/vc_column][\/vc_row]\n<\/section>","protected":false},"excerpt":{"rendered":"<p>[vc_row][vc_column][vc_column_text] Aventures Les plus beaux parcours en VTT autour de La Grave, France. &nbsp; Que vous recherchiez une descente hors-norme et technique, un long voyage en enduro ou une balade tranquille en montagne, La Grave est l&#8217;endroit id\u00e9al. Entour\u00e9e de glaciers et de sommets alpins, La Grave est un village paisible loin des sentiers battus&hellip;<\/p>\n","protected":false},"author":2,"featured_media":0,"parent":0,"menu_order":0,"comment_status":"closed","ping_status":"closed","template":"","meta":{"inline_featured_image":false},"acf":[],"yoast_head":"<!-- This site is optimized with the Yoast SEO plugin v21.8.1 - https:\/\/yoast.com\/wordpress\/plugins\/seo\/ -->\n<title>Bike La Grave - Adventures \/ Aventures<\/title>\n<meta name=\"description\" content=\"Come experience our ultimate mountain bike adventures in this incredible location and prepare yourself for our unforgettable trails! Whether you are looking for an epic descent, a long enduro trail, or an adventure ride in quiet mountains, then La Grave is the place for you.\" \/>\n<meta name=\"robots\" content=\"index, follow, max-snippet:-1, max-image-preview:large, max-video-preview:-1\" \/>\n<link rel=\"canonical\" href=\"https:\/\/www.bikelagrave.com\/adventures\/\" \/>\n<meta property=\"og:locale\" content=\"fr_FR\" \/>\n<meta property=\"og:type\" content=\"article\" \/>\n<meta property=\"og:title\" content=\"Bike La Grave - Adventures \/ Aventures\" \/>\n<meta property=\"og:description\" content=\"Come experience our ultimate mountain bike adventures in this incredible location and prepare yourself for our unforgettable trails! Whether you are looking for an epic descent, a long enduro trail, or an adventure ride in quiet mountains, then La Grave is the place for you.\" \/>\n<meta property=\"og:url\" content=\"https:\/\/www.bikelagrave.com\/adventures\/\" \/>\n<meta property=\"og:site_name\" content=\"Bike La Grave\" \/>\n<meta property=\"article:modified_time\" content=\"2021-05-13T13:50:55+00:00\" \/>\n<meta name=\"twitter:card\" content=\"summary_large_image\" \/>\n<meta name=\"twitter:label1\" content=\"Dur\u00e9e de lecture estim\u00e9e\" \/>\n\t<meta name=\"twitter:data1\" content=\"2 minutes\" \/>\n<script type=\"application\/ld+json\" class=\"yoast-schema-graph\">{\"@context\":\"https:\/\/schema.org\",\"@graph\":[{\"@type\":\"WebPage\",\"@id\":\"https:\/\/www.bikelagrave.com\/adventures\/\",\"url\":\"https:\/\/www.bikelagrave.com\/adventures\/\",\"name\":\"Bike La Grave - Adventures \/ Aventures\",\"isPartOf\":{\"@id\":\"https:\/\/www.bikelagrave.com\/#website\"},\"datePublished\":\"2019-10-26T09:01:18+00:00\",\"dateModified\":\"2021-05-13T13:50:55+00:00\",\"description\":\"Come experience our ultimate mountain bike adventures in this incredible location and prepare yourself for our unforgettable trails! Whether you are looking for an epic descent, a long enduro trail, or an adventure ride in quiet mountains, then La Grave is the place for you.\",\"breadcrumb\":{\"@id\":\"https:\/\/www.bikelagrave.com\/adventures\/#breadcrumb\"},\"inLanguage\":\"fr-FR\",\"potentialAction\":[{\"@type\":\"ReadAction\",\"target\":[\"https:\/\/www.bikelagrave.com\/adventures\/\"]}]},{\"@type\":\"BreadcrumbList\",\"@id\":\"https:\/\/www.bikelagrave.com\/adventures\/#breadcrumb\",\"itemListElement\":[{\"@type\":\"ListItem\",\"position\":1,\"name\":\"Home\",\"item\":\"https:\/\/www.bikelagrave.com\/\"},{\"@type\":\"ListItem\",\"position\":2,\"name\":\"Adventures\"}]},{\"@type\":\"WebSite\",\"@id\":\"https:\/\/www.bikelagrave.com\/#website\",\"url\":\"https:\/\/www.bikelagrave.com\/\",\"name\":\"Bike La Grave\",\"description\":\"Biking in La Grave\",\"potentialAction\":[{\"@type\":\"SearchAction\",\"target\":{\"@type\":\"EntryPoint\",\"urlTemplate\":\"https:\/\/www.bikelagrave.com\/?s={search_term_string}\"},\"query-input\":\"required name=search_term_string\"}],\"inLanguage\":\"fr-FR\"}]}<\/script>\n<!-- \/ Yoast SEO plugin. -->","yoast_head_json":{"title":"Bike La Grave - Adventures \/ Aventures","description":"Come experience our ultimate mountain bike adventures in this incredible location and prepare yourself for our unforgettable trails! Whether you are looking for an epic descent, a long enduro trail, or an adventure ride in quiet mountains, then La Grave is the place for you.","robots":{"index":"index","follow":"follow","max-snippet":"max-snippet:-1","max-image-preview":"max-image-preview:large","max-video-preview":"max-video-preview:-1"},"canonical":"https:\/\/www.bikelagrave.com\/adventures\/","og_locale":"fr_FR","og_type":"article","og_title":"Bike La Grave - Adventures \/ Aventures","og_description":"Come experience our ultimate mountain bike adventures in this incredible location and prepare yourself for our unforgettable trails! Whether you are looking for an epic descent, a long enduro trail, or an adventure ride in quiet mountains, then La Grave is the place for you.","og_url":"https:\/\/www.bikelagrave.com\/adventures\/","og_site_name":"Bike La Grave","article_modified_time":"2021-05-13T13:50:55+00:00","twitter_card":"summary_large_image","twitter_misc":{"Dur\u00e9e de lecture estim\u00e9e":"2 minutes"},"schema":{"@context":"https:\/\/schema.org","@graph":[{"@type":"WebPage","@id":"https:\/\/www.bikelagrave.com\/adventures\/","url":"https:\/\/www.bikelagrave.com\/adventures\/","name":"Bike La Grave - Adventures \/ Aventures","isPartOf":{"@id":"https:\/\/www.bikelagrave.com\/#website"},"datePublished":"2019-10-26T09:01:18+00:00","dateModified":"2021-05-13T13:50:55+00:00","description":"Come experience our ultimate mountain bike adventures in this incredible location and prepare yourself for our unforgettable trails! Whether you are looking for an epic descent, a long enduro trail, or an adventure ride in quiet mountains, then La Grave is the place for you.","breadcrumb":{"@id":"https:\/\/www.bikelagrave.com\/adventures\/#breadcrumb"},"inLanguage":"fr-FR","potentialAction":[{"@type":"ReadAction","target":["https:\/\/www.bikelagrave.com\/adventures\/"]}]},{"@type":"BreadcrumbList","@id":"https:\/\/www.bikelagrave.com\/adventures\/#breadcrumb","itemListElement":[{"@type":"ListItem","position":1,"name":"Home","item":"https:\/\/www.bikelagrave.com\/"},{"@type":"ListItem","position":2,"name":"Adventures"}]},{"@type":"WebSite","@id":"https:\/\/www.bikelagrave.com\/#website","url":"https:\/\/www.bikelagrave.com\/","name":"Bike La Grave","description":"Biking in La Grave","potentialAction":[{"@type":"SearchAction","target":{"@type":"EntryPoint","urlTemplate":"https:\/\/www.bikelagrave.com\/?s={search_term_string}"},"query-input":"required name=search_term_string"}],"inLanguage":"fr-FR"}]}},"_links":{"self":[{"href":"https:\/\/www.bikelagrave.com\/fr\/wp-json\/wp\/v2\/pages\/140"}],"collection":[{"href":"https:\/\/www.bikelagrave.com\/fr\/wp-json\/wp\/v2\/pages"}],"about":[{"href":"https:\/\/www.bikelagrave.com\/fr\/wp-json\/wp\/v2\/types\/page"}],"author":[{"embeddable":true,"href":"https:\/\/www.bikelagrave.com\/fr\/wp-json\/wp\/v2\/users\/2"}],"replies":[{"embeddable":true,"href":"https:\/\/www.bikelagrave.com\/fr\/wp-json\/wp\/v2\/comments?post=140"}],"version-history":[{"count":142,"href":"https:\/\/www.bikelagrave.com\/fr\/wp-json\/wp\/v2\/pages\/140\/revisions"}],"predecessor-version":[{"id":1257,"href":"https:\/\/www.bikelagrave.com\/fr\/wp-json\/wp\/v2\/pages\/140\/revisions\/1257"}],"wp:attachment":[{"href":"https:\/\/www.bikelagrave.com\/fr\/wp-json\/wp\/v2\/media?parent=140"}],"curies":[{"name":"wp","href":"https:\/\/api.w.org\/{rel}","templated":true}]}}