{"id":2,"date":"2019-10-25T12:24:14","date_gmt":"2019-10-25T12:24:14","guid":{"rendered":"http:\/\/jciidun.cluster028.hosting.ovh.net\/?page_id=2"},"modified":"2020-07-02T10:32:54","modified_gmt":"2020-07-02T08:32:54","slug":"home","status":"publish","type":"page","link":"https:\/\/www.bikelagrave.com\/fr\/","title":{"rendered":"Accueil"},"content":{"rendered":"<section class=\"wpb-content-wrapper\">[vc_row full_width=&#8221;stretch_row_content_no_spaces&#8221; content_placement=&#8221;top&#8221;][vc_column][vc_single_image image=&#8221;634&#8243; img_size=&#8221;full&#8221; alignment=&#8221;center&#8221;][\/vc_column][\/vc_row][vc_row][vc_column][vc_column_text]\n<h3 style=\"text-align: center;\"><span style=\"font-weight: 400;\">Venez rouler avec Bike La Grave\u00a0<\/span><span style=\"font-weight: 400;\">et d\u00e9couvrez nos incroyables chemins VTT !<\/span><\/h3>\n<p><span style=\"font-weight: 400;\">Contrairement aux endroits bien connus des Alpes, <a href=\"https:\/\/www.bikelagrave.com\/riding-in-la-grave\/\">La Grave<\/a> est reste loin des sentiers battus et loin des foules. Les chemins ne sont pas am\u00e9nag\u00e9s et c&#8217;est ce que nous aimons.<\/span><\/p>\n<p><span style=\"font-weight: 400;\"><a href=\"https:\/\/www.bikelagrave.com\/our-guides\/\">Nos guides<\/a> ont une formation de niveau international v\u00e9lo tout terrain , premiers secours et s\u00e9jours en montagne. Ils sont tous BPJEPS moniteurs-guides de VTT fran\u00e7ais. Cyril et Erin sont tous les deux guides de haute montagne UIAGM. Bruno a commenc\u00e9 \u00e0 d\u00e9velopper le VTT il y a vingt ans et a un petit magasin &#8220;local&#8221;. Nous esp\u00e9rons que vous passerez un <a href=\"https:\/\/www.bikelagrave.com\/adventure-weeks\/\">s\u00e9jour vtt<\/a> inoubliable !<\/span>[\/vc_column_text][\/vc_column][\/vc_row][vc_row][vc_column][vc_single_image image=&#8221;1231&#8243; img_size=&#8221;full&#8221; alignment=&#8221;center&#8221; style=&#8221;vc_box_shadow&#8221; onclick=&#8221;custom_link&#8221; img_link_target=&#8221;_blank&#8221; link=&#8221;https:\/\/www.scott-sports.com\/fr\/fr&#8221;][\/vc_column][\/vc_row]\n<\/section>","protected":false},"excerpt":{"rendered":"<p>[vc_row full_width=&#8221;stretch_row_content_no_spaces&#8221; content_placement=&#8221;top&#8221;][vc_column][vc_single_image image=&#8221;634&#8243; img_size=&#8221;full&#8221; alignment=&#8221;center&#8221;][\/vc_column][\/vc_row][vc_row][vc_column][vc_column_text] Venez rouler avec Bike La Grave\u00a0et d\u00e9couvrez nos incroyables chemins VTT ! Contrairement aux endroits bien connus des Alpes, La Grave est reste loin des sentiers battus et loin des foules. Les chemins ne sont pas am\u00e9nag\u00e9s et c&#8217;est ce que nous aimons. Nos guides ont une formation de&hellip;<\/p>\n","protected":false},"author":1,"featured_media":0,"parent":0,"menu_order":0,"comment_status":"closed","ping_status":"closed","template":"","meta":{"inline_featured_image":false},"acf":[],"yoast_head":"<!-- This site is optimized with the Yoast SEO plugin v21.8.1 - https:\/\/yoast.com\/wordpress\/plugins\/seo\/ -->\n<title>Bike La Grave - Ultimate Mountain Bike Adventures<\/title>\n<meta name=\"description\" content=\"Come and mountain Bike La Grave and experience our incredible trails with us! Ultimate mountain bike adventures in La Grave, France.\" \/>\n<meta name=\"robots\" content=\"index, follow, max-snippet:-1, max-image-preview:large, max-video-preview:-1\" \/>\n<link rel=\"canonical\" href=\"https:\/\/www.bikelagrave.com\" \/>\n<meta property=\"og:locale\" content=\"fr_FR\" \/>\n<meta property=\"og:type\" content=\"article\" \/>\n<meta property=\"og:title\" content=\"Bike La Grave - Ultimate Mountain Bike Adventures\" \/>\n<meta property=\"og:description\" content=\"Come and mountain Bike La Grave and experience our incredible trails with us! Ultimate mountain bike adventures in La Grave, France.\" \/>\n<meta property=\"og:url\" content=\"https:\/\/www.bikelagrave.com\" \/>\n<meta property=\"og:site_name\" content=\"Bike La Grave\" \/>\n<meta property=\"article:modified_time\" content=\"2020-07-02T08:32:54+00:00\" \/>\n<meta name=\"twitter:card\" content=\"summary_large_image\" \/>\n<meta name=\"twitter:label1\" content=\"Dur\u00e9e de lecture estim\u00e9e\" \/>\n\t<meta name=\"twitter:data1\" content=\"2 minutes\" \/>\n<script type=\"application\/ld+json\" class=\"yoast-schema-graph\">{\"@context\":\"https:\/\/schema.org\",\"@graph\":[{\"@type\":\"WebPage\",\"@id\":\"https:\/\/www.bikelagrave.com\/\",\"url\":\"https:\/\/www.bikelagrave.com\",\"name\":\"Bike La Grave - Ultimate Mountain Bike Adventures\",\"isPartOf\":{\"@id\":\"https:\/\/www.bikelagrave.com\/#website\"},\"datePublished\":\"2019-10-25T12:24:14+00:00\",\"dateModified\":\"2020-07-02T08:32:54+00:00\",\"description\":\"Come and mountain Bike La Grave and experience our incredible trails with us! Ultimate mountain bike adventures in La Grave, France.\",\"breadcrumb\":{\"@id\":\"https:\/\/www.bikelagrave.com#breadcrumb\"},\"inLanguage\":\"fr-FR\",\"potentialAction\":[{\"@type\":\"ReadAction\",\"target\":[\"https:\/\/www.bikelagrave.com\"]}]},{\"@type\":\"BreadcrumbList\",\"@id\":\"https:\/\/www.bikelagrave.com#breadcrumb\",\"itemListElement\":[{\"@type\":\"ListItem\",\"position\":1,\"name\":\"Home\",\"item\":\"https:\/\/www.bikelagrave.com\/\"},{\"@type\":\"ListItem\",\"position\":2,\"name\":\"Home\"}]},{\"@type\":\"WebSite\",\"@id\":\"https:\/\/www.bikelagrave.com\/#website\",\"url\":\"https:\/\/www.bikelagrave.com\/\",\"name\":\"Bike La Grave\",\"description\":\"Biking in La Grave\",\"potentialAction\":[{\"@type\":\"SearchAction\",\"target\":{\"@type\":\"EntryPoint\",\"urlTemplate\":\"https:\/\/www.bikelagrave.com\/?s={search_term_string}\"},\"query-input\":\"required name=search_term_string\"}],\"inLanguage\":\"fr-FR\"}]}<\/script>\n<!-- \/ Yoast SEO plugin. -->","yoast_head_json":{"title":"Bike La Grave - Ultimate Mountain Bike Adventures","description":"Come and mountain Bike La Grave and experience our incredible trails with us! Ultimate mountain bike adventures in La Grave, France.","robots":{"index":"index","follow":"follow","max-snippet":"max-snippet:-1","max-image-preview":"max-image-preview:large","max-video-preview":"max-video-preview:-1"},"canonical":"https:\/\/www.bikelagrave.com","og_locale":"fr_FR","og_type":"article","og_title":"Bike La Grave - Ultimate Mountain Bike Adventures","og_description":"Come and mountain Bike La Grave and experience our incredible trails with us! Ultimate mountain bike adventures in La Grave, France.","og_url":"https:\/\/www.bikelagrave.com","og_site_name":"Bike La Grave","article_modified_time":"2020-07-02T08:32:54+00:00","twitter_card":"summary_large_image","twitter_misc":{"Dur\u00e9e de lecture estim\u00e9e":"2 minutes"},"schema":{"@context":"https:\/\/schema.org","@graph":[{"@type":"WebPage","@id":"https:\/\/www.bikelagrave.com\/","url":"https:\/\/www.bikelagrave.com","name":"Bike La Grave - Ultimate Mountain Bike Adventures","isPartOf":{"@id":"https:\/\/www.bikelagrave.com\/#website"},"datePublished":"2019-10-25T12:24:14+00:00","dateModified":"2020-07-02T08:32:54+00:00","description":"Come and mountain Bike La Grave and experience our incredible trails with us! Ultimate mountain bike adventures in La Grave, France.","breadcrumb":{"@id":"https:\/\/www.bikelagrave.com#breadcrumb"},"inLanguage":"fr-FR","potentialAction":[{"@type":"ReadAction","target":["https:\/\/www.bikelagrave.com"]}]},{"@type":"BreadcrumbList","@id":"https:\/\/www.bikelagrave.com#breadcrumb","itemListElement":[{"@type":"ListItem","position":1,"name":"Home","item":"https:\/\/www.bikelagrave.com\/"},{"@type":"ListItem","position":2,"name":"Home"}]},{"@type":"WebSite","@id":"https:\/\/www.bikelagrave.com\/#website","url":"https:\/\/www.bikelagrave.com\/","name":"Bike La Grave","description":"Biking in La Grave","potentialAction":[{"@type":"SearchAction","target":{"@type":"EntryPoint","urlTemplate":"https:\/\/www.bikelagrave.com\/?s={search_term_string}"},"query-input":"required name=search_term_string"}],"inLanguage":"fr-FR"}]}},"_links":{"self":[{"href":"https:\/\/www.bikelagrave.com\/fr\/wp-json\/wp\/v2\/pages\/2"}],"collection":[{"href":"https:\/\/www.bikelagrave.com\/fr\/wp-json\/wp\/v2\/pages"}],"about":[{"href":"https:\/\/www.bikelagrave.com\/fr\/wp-json\/wp\/v2\/types\/page"}],"author":[{"embeddable":true,"href":"https:\/\/www.bikelagrave.com\/fr\/wp-json\/wp\/v2\/users\/1"}],"replies":[{"embeddable":true,"href":"https:\/\/www.bikelagrave.com\/fr\/wp-json\/wp\/v2\/comments?post=2"}],"version-history":[{"count":33,"href":"https:\/\/www.bikelagrave.com\/fr\/wp-json\/wp\/v2\/pages\/2\/revisions"}],"predecessor-version":[{"id":1241,"href":"https:\/\/www.bikelagrave.com\/fr\/wp-json\/wp\/v2\/pages\/2\/revisions\/1241"}],"wp:attachment":[{"href":"https:\/\/www.bikelagrave.com\/fr\/wp-json\/wp\/v2\/media?parent=2"}],"curies":[{"name":"wp","href":"https:\/\/api.w.org\/{rel}","templated":true}]}}