{"id":373,"date":"2019-10-26T18:05:07","date_gmt":"2019-10-26T16:05:07","guid":{"rendered":"http:\/\/jciidun.cluster028.hosting.ovh.net\/?page_id=373"},"modified":"2020-07-01T17:13:05","modified_gmt":"2020-07-01T15:13:05","slug":"technique-endurance-levels","status":"publish","type":"page","link":"https:\/\/www.bikelagrave.com\/fr\/technique-endurance-levels\/","title":{"rendered":"Niveaux Techniques et Physiques"},"content":{"rendered":"<section class=\"wpb-content-wrapper\">[vc_row][vc_column][vc_column_text]\n<h1 style=\"text-align: center;\"><span style=\"font-weight: 400;\">Niveaux Techniques et Physiques<\/span><\/h1>\n[\/vc_column_text][\/vc_column][\/vc_row][vc_row][vc_column css=&#8221;.vc_custom_1579428246408{margin-right: 5px !important;margin-left: 5px !important;}&#8221;][vc_gallery type=&#8221;image_grid&#8221; images=&#8221;863,857,591,629,630,908,871&#8243;][\/vc_column][\/vc_row][vc_row][vc_column width=&#8221;1\/2&#8243; css=&#8221;.vc_custom_1579427396681{margin-right: 10px !important;border-top-width: 2px !important;border-right-width: 2px !important;border-bottom-width: 2px !important;border-left-width: 2px !important;background-color: #ffffff !important;border-left-color: #000000 !important;border-left-style: solid !important;border-right-color: #000000 !important;border-right-style: solid !important;border-top-color: #000000 !important;border-top-style: solid !important;border-bottom-color: #000000 !important;border-bottom-style: solid !important;border-radius: 2px !important;}&#8221;][vc_column_text]\n<h1><strong>Technique : <\/strong><\/h1>\n<p style=\"text-align: center;\">_________________________________________________________<\/p>\n<h3><strong>VERT : <\/strong><\/h3>\n<p><span style=\"font-weight: 400;\">Facile. \u00c9volution principalement sur pistes ou chemins larges. Passages sur sentier faciles avec obstacles occasionnels<\/span><\/p>\n<h3><strong>BLEU :<\/strong><\/h3>\n<p><span style=\"font-weight: 400;\">Moyen. Evolution sur sentier, obstacles espac\u00e9s et exposition faible.<\/span><\/p>\n<h3><strong>ROUGE :<\/strong><\/h3>\n<p><span style=\"font-weight: 400;\">Difficile. Passages techniques nombreux, itin\u00e9raires engag\u00e9s en raison de la longueur, la raideur et\/ou l\u2019exposition.<\/span><\/p>\n<h3><strong>NOIR :<\/strong><\/h3>\n<p><span style=\"font-weight: 400;\"><span style=\"font-weight: 300;\">Tr\u00e8s difficile. Niveau expert. Passages techniques nombreux et itin\u00e9raires engag\u00e9s.<\/span><\/span>[\/vc_column_text][\/vc_column][vc_column width=&#8221;1\/2&#8243; css=&#8221;.vc_custom_1579427413843{margin-left: 10px !important;border-top-width: 2px !important;border-right-width: 2px !important;border-bottom-width: 2px !important;border-left-width: 2px !important;background-color: #ffffff !important;border-left-color: #000000 !important;border-left-style: solid !important;border-right-color: #000000 !important;border-right-style: solid !important;border-top-color: #000000 !important;border-top-style: solid !important;border-bottom-color: #000000 !important;border-bottom-style: solid !important;border-radius: 2px !important;}&#8221;][vc_column_text]\n<h1><strong>Physique : <\/strong><\/h1>\n<p style=\"text-align: center;\">_________________________________________________________<\/p>\n<h3><strong>VERT : <\/strong><\/h3>\n<p><span style=\"font-weight: 400;\">Facile. Environ 10 kms, peu de mont\u00e9es et descentes facile.<\/span><\/p>\n<h3><strong>BLEU :<\/strong><\/h3>\n<p><span style=\"font-weight: 400;\">Moyen. 10 \u00e0 20 kms, mont\u00e9es courtes et descentes un peu plus longues.<\/span><\/p>\n<h3><strong>ROUGE :<\/strong><\/h3>\n<p><span style=\"font-weight: 400;\">Difficile. Souvent plus de 20 kms et 1000 m de d\u00e9nivel\u00e9 positif et\/ou des descentes de 2000 m.<\/span><\/p>\n<h3><strong>NOIR :<\/strong><\/h3>\n<p><span style=\"font-weight: 400;\">Expert. G\u00e9n\u00e9ralement plus de 30kms, d\u00e9nivel\u00e9s positifs sup\u00e9rieurs \u00e0 1000 m et n\u00e9gatifs de plus de 2000 m.<\/span>[\/vc_column_text][\/vc_column][\/vc_row][vc_row][vc_column][vc_empty_space][\/vc_column][\/vc_row]\n<\/section>","protected":false},"excerpt":{"rendered":"<p>[vc_row][vc_column][vc_column_text] Niveaux Techniques et Physiques [\/vc_column_text][\/vc_column][\/vc_row][vc_row][vc_column css=&#8221;.vc_custom_1579428246408{margin-right: 5px !important;margin-left: 5px !important;}&#8221;][vc_gallery type=&#8221;image_grid&#8221; images=&#8221;863,857,591,629,630,908,871&#8243;][\/vc_column][\/vc_row][vc_row][vc_column width=&#8221;1\/2&#8243; css=&#8221;.vc_custom_1579427396681{margin-right: 10px !important;border-top-width: 2px !important;border-right-width: 2px !important;border-bottom-width: 2px !important;border-left-width: 2px !important;background-color: #ffffff !important;border-left-color: #000000 !important;border-left-style: solid !important;border-right-color: #000000 !important;border-right-style: solid !important;border-top-color: #000000 !important;border-top-style: solid !important;border-bottom-color: #000000 !important;border-bottom-style: solid !important;border-radius: 2px !important;}&#8221;][vc_column_text] Technique : _________________________________________________________ VERT : Facile. \u00c9volution principalement sur pistes&hellip;<\/p>\n","protected":false},"author":2,"featured_media":0,"parent":0,"menu_order":0,"comment_status":"closed","ping_status":"closed","template":"","meta":{"inline_featured_image":false},"acf":[],"yoast_head":"<!-- This site is optimized with the Yoast SEO plugin v21.8.1 - https:\/\/yoast.com\/wordpress\/plugins\/seo\/ -->\n<title>Technique and Endurance Levels \/ Niveaux Techniques et Physiques<\/title>\n<meta name=\"description\" content=\"Descriptions of the different technique and endurance levels needed for different outings in La Grave. There is something for everyone.\" \/>\n<meta name=\"robots\" content=\"index, follow, max-snippet:-1, max-image-preview:large, max-video-preview:-1\" \/>\n<link rel=\"canonical\" href=\"https:\/\/www.bikelagrave.com\/fr\/technique-endurance-levels\/\" \/>\n<meta property=\"og:locale\" content=\"fr_FR\" \/>\n<meta property=\"og:type\" content=\"article\" \/>\n<meta property=\"og:title\" content=\"Technique and Endurance Levels \/ Niveaux Techniques et Physiques\" \/>\n<meta property=\"og:description\" content=\"Descriptions of the different technique and endurance levels needed for different outings in La Grave. There is something for everyone.\" \/>\n<meta property=\"og:url\" content=\"https:\/\/www.bikelagrave.com\/fr\/technique-endurance-levels\/\" \/>\n<meta property=\"og:site_name\" content=\"Bike La Grave\" \/>\n<meta property=\"article:modified_time\" content=\"2020-07-01T15:13:05+00:00\" \/>\n<meta name=\"twitter:card\" content=\"summary_large_image\" \/>\n<meta name=\"twitter:label1\" content=\"Dur\u00e9e de lecture estim\u00e9e\" \/>\n\t<meta name=\"twitter:data1\" content=\"3 minutes\" \/>\n<script type=\"application\/ld+json\" class=\"yoast-schema-graph\">{\"@context\":\"https:\/\/schema.org\",\"@graph\":[{\"@type\":\"WebPage\",\"@id\":\"https:\/\/www.bikelagrave.com\/fr\/technique-endurance-levels\/\",\"url\":\"https:\/\/www.bikelagrave.com\/fr\/technique-endurance-levels\/\",\"name\":\"Technique and Endurance Levels \/ Niveaux Techniques et Physiques\",\"isPartOf\":{\"@id\":\"https:\/\/www.bikelagrave.com\/#website\"},\"datePublished\":\"2019-10-26T16:05:07+00:00\",\"dateModified\":\"2020-07-01T15:13:05+00:00\",\"description\":\"Descriptions of the different technique and endurance levels needed for different outings in La Grave. There is something for everyone.\",\"breadcrumb\":{\"@id\":\"https:\/\/www.bikelagrave.com\/fr\/technique-endurance-levels\/#breadcrumb\"},\"inLanguage\":\"fr-FR\",\"potentialAction\":[{\"@type\":\"ReadAction\",\"target\":[\"https:\/\/www.bikelagrave.com\/fr\/technique-endurance-levels\/\"]}]},{\"@type\":\"BreadcrumbList\",\"@id\":\"https:\/\/www.bikelagrave.com\/fr\/technique-endurance-levels\/#breadcrumb\",\"itemListElement\":[{\"@type\":\"ListItem\",\"position\":1,\"name\":\"Home\",\"item\":\"https:\/\/www.bikelagrave.com\/\"},{\"@type\":\"ListItem\",\"position\":2,\"name\":\"Niveaux Techniques et Physiques\"}]},{\"@type\":\"WebSite\",\"@id\":\"https:\/\/www.bikelagrave.com\/#website\",\"url\":\"https:\/\/www.bikelagrave.com\/\",\"name\":\"Bike La Grave\",\"description\":\"Biking in La Grave\",\"potentialAction\":[{\"@type\":\"SearchAction\",\"target\":{\"@type\":\"EntryPoint\",\"urlTemplate\":\"https:\/\/www.bikelagrave.com\/?s={search_term_string}\"},\"query-input\":\"required name=search_term_string\"}],\"inLanguage\":\"fr-FR\"}]}<\/script>\n<!-- \/ Yoast SEO plugin. -->","yoast_head_json":{"title":"Technique and Endurance Levels \/ Niveaux Techniques et Physiques","description":"Descriptions of the different technique and endurance levels needed for different outings in La Grave. There is something for everyone.","robots":{"index":"index","follow":"follow","max-snippet":"max-snippet:-1","max-image-preview":"max-image-preview:large","max-video-preview":"max-video-preview:-1"},"canonical":"https:\/\/www.bikelagrave.com\/fr\/technique-endurance-levels\/","og_locale":"fr_FR","og_type":"article","og_title":"Technique and Endurance Levels \/ Niveaux Techniques et Physiques","og_description":"Descriptions of the different technique and endurance levels needed for different outings in La Grave. There is something for everyone.","og_url":"https:\/\/www.bikelagrave.com\/fr\/technique-endurance-levels\/","og_site_name":"Bike La Grave","article_modified_time":"2020-07-01T15:13:05+00:00","twitter_card":"summary_large_image","twitter_misc":{"Dur\u00e9e de lecture estim\u00e9e":"3 minutes"},"schema":{"@context":"https:\/\/schema.org","@graph":[{"@type":"WebPage","@id":"https:\/\/www.bikelagrave.com\/fr\/technique-endurance-levels\/","url":"https:\/\/www.bikelagrave.com\/fr\/technique-endurance-levels\/","name":"Technique and Endurance Levels \/ Niveaux Techniques et Physiques","isPartOf":{"@id":"https:\/\/www.bikelagrave.com\/#website"},"datePublished":"2019-10-26T16:05:07+00:00","dateModified":"2020-07-01T15:13:05+00:00","description":"Descriptions of the different technique and endurance levels needed for different outings in La Grave. There is something for everyone.","breadcrumb":{"@id":"https:\/\/www.bikelagrave.com\/fr\/technique-endurance-levels\/#breadcrumb"},"inLanguage":"fr-FR","potentialAction":[{"@type":"ReadAction","target":["https:\/\/www.bikelagrave.com\/fr\/technique-endurance-levels\/"]}]},{"@type":"BreadcrumbList","@id":"https:\/\/www.bikelagrave.com\/fr\/technique-endurance-levels\/#breadcrumb","itemListElement":[{"@type":"ListItem","position":1,"name":"Home","item":"https:\/\/www.bikelagrave.com\/"},{"@type":"ListItem","position":2,"name":"Niveaux Techniques et Physiques"}]},{"@type":"WebSite","@id":"https:\/\/www.bikelagrave.com\/#website","url":"https:\/\/www.bikelagrave.com\/","name":"Bike La Grave","description":"Biking in La Grave","potentialAction":[{"@type":"SearchAction","target":{"@type":"EntryPoint","urlTemplate":"https:\/\/www.bikelagrave.com\/?s={search_term_string}"},"query-input":"required name=search_term_string"}],"inLanguage":"fr-FR"}]}},"_links":{"self":[{"href":"https:\/\/www.bikelagrave.com\/fr\/wp-json\/wp\/v2\/pages\/373"}],"collection":[{"href":"https:\/\/www.bikelagrave.com\/fr\/wp-json\/wp\/v2\/pages"}],"about":[{"href":"https:\/\/www.bikelagrave.com\/fr\/wp-json\/wp\/v2\/types\/page"}],"author":[{"embeddable":true,"href":"https:\/\/www.bikelagrave.com\/fr\/wp-json\/wp\/v2\/users\/2"}],"replies":[{"embeddable":true,"href":"https:\/\/www.bikelagrave.com\/fr\/wp-json\/wp\/v2\/comments?post=373"}],"version-history":[{"count":44,"href":"https:\/\/www.bikelagrave.com\/fr\/wp-json\/wp\/v2\/pages\/373\/revisions"}],"predecessor-version":[{"id":1113,"href":"https:\/\/www.bikelagrave.com\/fr\/wp-json\/wp\/v2\/pages\/373\/revisions\/1113"}],"wp:attachment":[{"href":"https:\/\/www.bikelagrave.com\/fr\/wp-json\/wp\/v2\/media?parent=373"}],"curies":[{"name":"wp","href":"https:\/\/api.w.org\/{rel}","templated":true}]}}