{"id":380,"date":"2019-10-26T18:21:07","date_gmt":"2019-10-26T16:21:07","guid":{"rendered":"http:\/\/jciidun.cluster028.hosting.ovh.net\/?page_id=380"},"modified":"2020-06-19T18:54:07","modified_gmt":"2020-06-19T16:54:07","slug":"booking","status":"publish","type":"page","link":"https:\/\/www.bikelagrave.com\/fr\/booking\/","title":{"rendered":"R\u00e9servations"},"content":{"rendered":"<section class=\"wpb-content-wrapper\">[vc_row][vc_column width=&#8221;1\/2&#8243;][vc_column_text]<div style=\"display:none\" class=\"fm-form-container fm-theme17\"><div id=\"fm-pages11\" class=\"fm-pages wdform_page_navigation \" show_title=\"\" show_numbers=\"1\" type=\"none\"><\/div><form name=\"form11\" action=\"\/fr\/wp-json\/wp\/v2\/pages\/380\" method=\"post\" id=\"form11\" class=\"fm-form form11  \" enctype=\"multipart\/form-data\"><input type=\"hidden\" id=\"fm_page_id11\" value=\"380\" name=\"fm_page_id11\" \/><input type=\"hidden\" id=\"fm_current_post_type11\" value=\"page\" name=\"fm_current_post_type11\" \/><input type=\"hidden\" id=\"counter11\" value=\"9\" name=\"counter11\" \/><input type=\"hidden\" id=\"Itemid11\" value=\"\" name=\"Itemid11\" \/><input type=\"hidden\" id=\"fm_shake11\" value=\"1\" name=\"fm_shake11\" \/><input type=\"text\" class=\"fm-hide\" id=\"fm_empty_field_validation11\" value=\"\" name=\"fm_empty_field_validation11\" data-value=\"bd736efb144d599cf463541431fbf5c4\" \/><div class=\"fm-header-bg\"><div class=\"fm-header \"><div class=\"fm-header-text\">          <div class=\"fm-header-title\">            R\u00e9servez votre prochaine aventure          <\/div>          <div class=\"fm-header-description\">            <span id=\"docs-internal-guid-5cb0db2b-7fff-32a6-c9c5-c04a1e3aac70\" style=\"color: #000000\"><span style=\"font-size: 11pt;font-family: Arial;background-color: transparent;vertical-align: baseline\">Chaque s\u00e9jour est organis\u00e9 sur mesure pour vous ou votre groupe. Remplissez le formulaire et dites-nous ce que vous recherchez. Nous vous r\u00e9pondrons rapidement pour finaliser la r\u00e9servation. Au plaisir donc de rouler avec vous !<\/span><\/span>          <\/div>        <\/div><\/div><\/div><div class=\"wdform-page-and-images fm-form-builder\"><div id=\"11form_view1\" class=\"wdform_page\" page_title=\"Untitled page\" next_title=\"Next\" next_type=\"text\" next_class=\"wdform-page-button\" next_checkable=\"true\" previous_title=\"Previous\" previous_type=\"text\" previous_class=\"wdform-page-button\" previous_checkable=\"false\"><div class=\"wdform_section\"><div class=\"wdform_column\"><div wdid=\"2\" class=\"wdform_row\"><div type=\"type_name\" class=\"wdform-field wd-width-100 wd-flex wd-flex-column fm-type_name\" ><div class=\"wdform-label-section wd-width-100  wd-flex-row\">    <label  for=\"wdform_2_element_first11\" class=\"wdform-label\">Nom<\/label><span class=\"wdform-required\">*<\/span><\/div><div class=\"wdform-element-section wd-flex  wd-flex-row wd-width-100\" ><div class=\"wd-flex wd-flex-column wd-width-50\"><input type=\"text\" class=\"wd-width-100\" id=\"wdform_2_element_first11\" name=\"wdform_2_element_first11\" data-value=\"\" value=\"\" title=\"\" placeholder=\"\"  \/><label class=\"mini_label\" for=\"wdform_2_element_first11\">Pr\u00e9nom<\/label><\/div><div class=\"wd-flex wd-flex-column wd-name-separator\"><\/div><div class=\"wd-flex wd-flex-column wd-width-50\"><input type=\"text\" class=\"wd-width-100\" id=\"wdform_2_element_last11\" name=\"wdform_2_element_last11\" data-value=\"\" value=\"\" title=\"\" placeholder=\"\"  \/><label class=\"mini_label\" for=\"wdform_2_element_last11\">Nom<\/label><\/div><\/div><\/div><\/div><\/div><div class=\"wdform_column\"><div wdid=\"3\" class=\"wdform_row\"><div type=\"type_submitter_mail\" class=\"wdform-field wd-width-100 wd-flex wd-flex-column fm-type_submitter_mail\" ><div class=\"wdform-label-section wd-width-100  wd-flex-row\">    <label  for=\"wdform_3_element11\" class=\"wdform-label\">Email<\/label><span class=\"wdform-required\">*<\/span><\/div><div class=\"wdform-element-section wd-flex  wd-flex-row wd-width-100\" ><input type=\"text\" class=\"wd-width-100\" id=\"wdform_3_element11\" name=\"wdform_3_element11\" data-value=\"\" value=\"\" title=\"\" placeholder=\"\"   onchange=\"wd_check_email('3', '11', 'Ceci n\\'est pas une adresse e-mail valide')\" \/><\/div><\/div><\/div><\/div><div class=\"wdform_column\"><div wdid=\"4\" class=\"wdform_row\"><div type=\"type_own_select\" class=\"wdform-field wd-width-100 wd-flex wd-flex-column fm-type_own_select\" ><div class=\"wdform-label-section wd-width-100 wdform_select wd-flex-row\">    <label  for=\"wdform_4_element11\" class=\"wdform-label\">Aventure<\/label><\/div><div class=\"wdform-element-section wd-flex wdform_select wd-flex-row wd-width-100\" ><select class=\"wd-width-100\" id=\"wdform_4_element11\" name=\"wdform_4_element11\" ><option value=\"Descente\" selected=\"selected\">Descente<\/option><option value=\"Enduro\" >Enduro<\/option><option value=\"All Mountain\" >All Mountain<\/option><option value=\"S\u00e9jours VTT\" >S\u00e9jours VTT<\/option><option value=\"Formation\" >Formation<\/option><option value=\"Sur Mesure\" >Sur Mesure<\/option><\/select><\/div><\/div><\/div><div wdid=\"8\" class=\"wdform_row\" style=\"position: relative; left: 0px; top: 0px;\"><div type=\"type_text\" class=\"wdform-field wd-width-100 wd-flex wd-flex-column fm-type_text\" ><div class=\"wdform-label-section wd-width-100  wd-flex-row wd-align-items-center\">    <label  for=\"wdform_8_element11\" class=\"wdform-label\">Programme<\/label><\/div><div class=\"wdform-element-section wd-flex  wd-flex-row wd-align-items-center wd-width-100\" ><input type=\"text\"                           class=\"wd-width-100\"                           id=\"wdform_8_element11\"                           name=\"wdform_8_element11\"                           value=\"\"                           data-value=\"\"                           title=\"\"                           placeholder=\"\"                                                       \/><\/div><\/div><\/div><\/div><div class=\"wdform_column\"><div wdid=\"5\" class=\"wdform_row\"><div type=\"type_date_range\" class=\"wdform-field wd-width-100 wd-flex wd-flex-column fm-type_date_range\" ><div class=\"wdform-label-section wd-width-100  wd-flex-row\">    <label  for=\"wdform_5_element110\" class=\"wdform-label\">Dates<\/label><\/div><div class=\"wdform-element-section wd-flex  wd-flex-row wd-width-100\" ><div class=\"wd-flex wd-flex-row wd-align-items-center wd-width-50\"><input class=\"wd-width-100\" autocomplete=\"off\" type=\"text\" id=\"wdform_5_element110\" name=\"wdform_5_element110\"  onchange=\"change_value_range('wdform_5_element111', 'minDate', this.value, '', 'dd\/mm\/yy', this)\" data-form-id=\"11\" data-wdid=\"5\" \/><span id=\"button_calendar_50\" class=\"dashicons dashicons-calendar-alt wd-calendar-button wd-hidden\"><\/span><\/div><div class=\"wd-flex wd-flex-row wd-align-items-center wd-name-separator\"><\/div><div class=\"wd-flex wd-flex-row wd-align-items-center wd-width-50\"><input class=\"wd-width-100\" autocomplete=\"off\" type=\"text\" id=\"wdform_5_element111\" name=\"wdform_5_element111\"  onchange=\"change_value_range('wdform_5_element110', 'maxDate', this.value, '', 'dd\/mm\/yy', this)\"  data-form-id=\"11\" data-wdid=\"5\" \/><span id=\"button_calendar_51\" class=\"dashicons dashicons-calendar-alt wd-calendar-button wd-hidden\"><\/span><\/div><\/div><\/div><\/div><\/div><div class=\"wdform_column\"><div wdid=\"7\" class=\"wdform_row\"><div type=\"type_textarea\" class=\"wdform-field wd-width-100 wd-flex wd-flex-column fm-type_textarea\" ><div class=\"wdform-label-section wd-width-100 \">    <label  for=\"wdform_7_element11\" class=\"wdform-label\">Message<\/label><\/div><div class=\"wdform-element-section wd-flex  wd-width-100\" ><textarea class=\"wd-width-100\"                      id=\"wdform_7_element11\"                      name=\"wdform_7_element11\"                      placeholder=\"\"                      data-value=\"\"                      maxlength=\"\"                      style=\"height: 100px;\"                      ><\/textarea><\/div><\/div><\/div><\/div><div class=\"wdform_column\"><div wdid=\"1\" class=\"wdform_row\"><div type=\"type_submit_reset\" class=\"wdform-field wd-width-100 wd-flex wd-flex-column fm-type_submit_reset\" ><div class=\"wdform-element-section wd-flex  wd-flex-row wd-justify-content-left wd-width-100\" ><button  type=\"button\" class=\"button-submit\" onclick=\"fm_submit_form('11');\"  data-ajax=\"0\"><span class=\"fm-submit-loading spinner fm-ico-spinner\"><\/span>Envoyer<\/button><button  type=\"button\" class=\"button-reset wd-hidden\" onclick=\"fm_reset_form(11);\" >Reset<\/button><\/div><\/div><\/div><\/div><\/div><div valign=\"top\" class=\"wdform_footer wd-width-100\"><div class=\"wd-width-100\"><div class=\"wd-width-100 wd-table\" style=\"padding-top:10px;\"><div class=\"wd-table-group\"><div id=\"11page_nav1\" class=\"wd-table-row\"><\/div><\/div><\/div><\/div><\/div><\/div><\/div><div class=\"wdform_preload\"><\/div><input type=\"hidden\" name=\"fm-current-page\" value=\"https:\/\/www.bikelagrave.com\/fr\/wp-json\/wp\/v2\/pages\/380\" \/><\/form><\/div>[\/vc_column_text][\/vc_column][vc_column width=&#8221;1\/2&#8243;][vc_images_carousel images=&#8221;561,589,643&#8243; img_size=&#8221;full&#8221; onclick=&#8221;link_no&#8221; speed=&#8221;10000&#8243; autoplay=&#8221;yes&#8221; hide_pagination_control=&#8221;yes&#8221; hide_prev_next_buttons=&#8221;yes&#8221; wrap=&#8221;yes&#8221;][\/vc_column][\/vc_row]\n<\/section>","protected":false},"excerpt":{"rendered":"<p>[vc_row][vc_column width=&#8221;1\/2&#8243;][vc_column_text][\/vc_column_text][\/vc_column][vc_column width=&#8221;1\/2&#8243;][vc_images_carousel images=&#8221;561,589,643&#8243; img_size=&#8221;full&#8221; onclick=&#8221;link_no&#8221; speed=&#8221;10000&#8243; autoplay=&#8221;yes&#8221; hide_pagination_control=&#8221;yes&#8221; hide_prev_next_buttons=&#8221;yes&#8221; wrap=&#8221;yes&#8221;][\/vc_column][\/vc_row]<\/p>\n","protected":false},"author":2,"featured_media":0,"parent":0,"menu_order":0,"comment_status":"closed","ping_status":"closed","template":"","meta":{"inline_featured_image":false},"acf":[],"yoast_head":"<!-- This site is optimized with the Yoast SEO plugin v21.8.1 - https:\/\/yoast.com\/wordpress\/plugins\/seo\/ -->\n<title>Bike La Grave - Booking \/ R\u00e9servations<\/title>\n<meta name=\"description\" content=\"Book your next adventure! Every trip we run is unique to you and your group. Please fill out this booking form with the adventure you are interested in. One of us will be in touch shortly to finalize the reservation. We are looking forward to riding with you!\" \/>\n<meta name=\"robots\" content=\"index, follow, max-snippet:-1, max-image-preview:large, max-video-preview:-1\" \/>\n<link rel=\"canonical\" href=\"https:\/\/www.bikelagrave.com\/booking\/\" \/>\n<meta property=\"og:locale\" content=\"fr_FR\" \/>\n<meta property=\"og:type\" content=\"article\" \/>\n<meta property=\"og:title\" content=\"Bike La Grave - Booking \/ R\u00e9servations\" \/>\n<meta property=\"og:description\" content=\"Book your next adventure! Every trip we run is unique to you and your group. Please fill out this booking form with the adventure you are interested in. One of us will be in touch shortly to finalize the reservation. We are looking forward to riding with you!\" \/>\n<meta property=\"og:url\" content=\"https:\/\/www.bikelagrave.com\/booking\/\" \/>\n<meta property=\"og:site_name\" content=\"Bike La Grave\" \/>\n<meta property=\"article:modified_time\" content=\"2020-06-19T16:54:07+00:00\" \/>\n<meta name=\"twitter:card\" content=\"summary_large_image\" \/>\n<script type=\"application\/ld+json\" class=\"yoast-schema-graph\">{\"@context\":\"https:\/\/schema.org\",\"@graph\":[{\"@type\":\"WebPage\",\"@id\":\"https:\/\/www.bikelagrave.com\/fr\/booking\/\",\"url\":\"https:\/\/www.bikelagrave.com\/booking\/\",\"name\":\"Bike La Grave - Booking \/ R\u00e9servations\",\"isPartOf\":{\"@id\":\"https:\/\/www.bikelagrave.com\/#website\"},\"datePublished\":\"2019-10-26T16:21:07+00:00\",\"dateModified\":\"2020-06-19T16:54:07+00:00\",\"description\":\"Book your next adventure! Every trip we run is unique to you and your group. Please fill out this booking form with the adventure you are interested in. One of us will be in touch shortly to finalize the reservation. We are looking forward to riding with you!\",\"breadcrumb\":{\"@id\":\"https:\/\/www.bikelagrave.com\/booking\/#breadcrumb\"},\"inLanguage\":\"fr-FR\",\"potentialAction\":[{\"@type\":\"ReadAction\",\"target\":[\"https:\/\/www.bikelagrave.com\/booking\/\"]}]},{\"@type\":\"BreadcrumbList\",\"@id\":\"https:\/\/www.bikelagrave.com\/booking\/#breadcrumb\",\"itemListElement\":[{\"@type\":\"ListItem\",\"position\":1,\"name\":\"Home\",\"item\":\"https:\/\/www.bikelagrave.com\/\"},{\"@type\":\"ListItem\",\"position\":2,\"name\":\"R\u00e9servations\"}]},{\"@type\":\"WebSite\",\"@id\":\"https:\/\/www.bikelagrave.com\/#website\",\"url\":\"https:\/\/www.bikelagrave.com\/\",\"name\":\"Bike La Grave\",\"description\":\"Biking in La Grave\",\"potentialAction\":[{\"@type\":\"SearchAction\",\"target\":{\"@type\":\"EntryPoint\",\"urlTemplate\":\"https:\/\/www.bikelagrave.com\/?s={search_term_string}\"},\"query-input\":\"required name=search_term_string\"}],\"inLanguage\":\"fr-FR\"}]}<\/script>\n<!-- \/ Yoast SEO plugin. -->","yoast_head_json":{"title":"Bike La Grave - Booking \/ R\u00e9servations","description":"Book your next adventure! Every trip we run is unique to you and your group. Please fill out this booking form with the adventure you are interested in. One of us will be in touch shortly to finalize the reservation. We are looking forward to riding with you!","robots":{"index":"index","follow":"follow","max-snippet":"max-snippet:-1","max-image-preview":"max-image-preview:large","max-video-preview":"max-video-preview:-1"},"canonical":"https:\/\/www.bikelagrave.com\/booking\/","og_locale":"fr_FR","og_type":"article","og_title":"Bike La Grave - Booking \/ R\u00e9servations","og_description":"Book your next adventure! Every trip we run is unique to you and your group. Please fill out this booking form with the adventure you are interested in. One of us will be in touch shortly to finalize the reservation. We are looking forward to riding with you!","og_url":"https:\/\/www.bikelagrave.com\/booking\/","og_site_name":"Bike La Grave","article_modified_time":"2020-06-19T16:54:07+00:00","twitter_card":"summary_large_image","schema":{"@context":"https:\/\/schema.org","@graph":[{"@type":"WebPage","@id":"https:\/\/www.bikelagrave.com\/fr\/booking\/","url":"https:\/\/www.bikelagrave.com\/booking\/","name":"Bike La Grave - Booking \/ R\u00e9servations","isPartOf":{"@id":"https:\/\/www.bikelagrave.com\/#website"},"datePublished":"2019-10-26T16:21:07+00:00","dateModified":"2020-06-19T16:54:07+00:00","description":"Book your next adventure! Every trip we run is unique to you and your group. Please fill out this booking form with the adventure you are interested in. One of us will be in touch shortly to finalize the reservation. We are looking forward to riding with you!","breadcrumb":{"@id":"https:\/\/www.bikelagrave.com\/booking\/#breadcrumb"},"inLanguage":"fr-FR","potentialAction":[{"@type":"ReadAction","target":["https:\/\/www.bikelagrave.com\/booking\/"]}]},{"@type":"BreadcrumbList","@id":"https:\/\/www.bikelagrave.com\/booking\/#breadcrumb","itemListElement":[{"@type":"ListItem","position":1,"name":"Home","item":"https:\/\/www.bikelagrave.com\/"},{"@type":"ListItem","position":2,"name":"R\u00e9servations"}]},{"@type":"WebSite","@id":"https:\/\/www.bikelagrave.com\/#website","url":"https:\/\/www.bikelagrave.com\/","name":"Bike La Grave","description":"Biking in La Grave","potentialAction":[{"@type":"SearchAction","target":{"@type":"EntryPoint","urlTemplate":"https:\/\/www.bikelagrave.com\/?s={search_term_string}"},"query-input":"required name=search_term_string"}],"inLanguage":"fr-FR"}]}},"_links":{"self":[{"href":"https:\/\/www.bikelagrave.com\/fr\/wp-json\/wp\/v2\/pages\/380"}],"collection":[{"href":"https:\/\/www.bikelagrave.com\/fr\/wp-json\/wp\/v2\/pages"}],"about":[{"href":"https:\/\/www.bikelagrave.com\/fr\/wp-json\/wp\/v2\/types\/page"}],"author":[{"embeddable":true,"href":"https:\/\/www.bikelagrave.com\/fr\/wp-json\/wp\/v2\/users\/2"}],"replies":[{"embeddable":true,"href":"https:\/\/www.bikelagrave.com\/fr\/wp-json\/wp\/v2\/comments?post=380"}],"version-history":[{"count":15,"href":"https:\/\/www.bikelagrave.com\/fr\/wp-json\/wp\/v2\/pages\/380\/revisions"}],"predecessor-version":[{"id":1144,"href":"https:\/\/www.bikelagrave.com\/fr\/wp-json\/wp\/v2\/pages\/380\/revisions\/1144"}],"wp:attachment":[{"href":"https:\/\/www.bikelagrave.com\/fr\/wp-json\/wp\/v2\/media?parent=380"}],"curies":[{"name":"wp","href":"https:\/\/api.w.org\/{rel}","templated":true}]}}