{"id":396,"date":"2019-10-26T19:01:53","date_gmt":"2019-10-26T17:01:53","guid":{"rendered":"http:\/\/jciidun.cluster028.hosting.ovh.net\/?page_id=396"},"modified":"2021-05-13T15:37:18","modified_gmt":"2021-05-13T13:37:18","slug":"downhill","status":"publish","type":"page","link":"https:\/\/www.bikelagrave.com\/fr\/downhill\/","title":{"rendered":"Descente"},"content":{"rendered":"<section class=\"wpb-content-wrapper\">[vc_row full_width=&#8221;stretch_row_content_no_spaces&#8221;][vc_column][vc_single_image image=&#8221;669&#8243; img_size=&#8221;full&#8221; alignment=&#8221;center&#8221;][\/vc_column][\/vc_row][vc_row css=&#8221;.vc_custom_1572098338794{background-position: 0 0 !important;background-repeat: no-repeat !important;}&#8221;][vc_column][vc_column_text]\n<h1 style=\"text-align: center;\"><strong>Descente<\/strong><\/h1>\n<p style=\"text-align: center;\"><em><strong>La Grave n\u2019est pas un bike park. Ici pas de chemin am\u00e9nag\u00e9s, pas de panneaux avant les obstacles et pas de virages relev\u00e9s, nous roulons dans un environnement beaucoup plus alpin. Des sentiers techniques et rocheux qui fr\u00f4lent les glaciers puis des singles raides dans la for\u00eat o\u00f9 nous pouvons croiser des chamois qui nous sortiront de la solitude de la haute montagne tout\u00a0 au long de descentes de 1780 m de d\u00e9nivel\u00e9s. Vous n\u2019avez jamais roul\u00e9 comme \u00e7a depuis un t\u00e9l\u00e9ph\u00e9rique!<\/strong><\/em><\/p>\n<p style=\"text-align: center;\"><em><strong>Dans les stations voisines nous n\u2019irons pas seulement rouler dans\u00a0 les bikes park., nous vous montrerons les sentiers perdus et sauvages accessibles depuis les t\u00e9l\u00e9si\u00e8ges. Nous vous ferons \u00e9galement d\u00e9couvrir les enduros qui ne sont pas sur les cartes.<\/strong><\/em><\/p>\n<p>&nbsp;<\/p>\n[\/vc_column_text][vc_separator color=&#8221;custom&#8221; accent_color=&#8221;#5b5b5b&#8221;][\/vc_column][\/vc_row][vc_row equal_height=&#8221;yes&#8221; content_placement=&#8221;middle&#8221; css=&#8221;.vc_custom_1572714674260{margin-bottom: 10px !important;}&#8221;][vc_column width=&#8221;1\/2&#8243; css=&#8221;.vc_custom_1572092558740{margin-top: 20px !important;}&#8221;][vc_column_text]\n<h3 style=\"text-align: center;\"><strong>La Grave: T\u00e9l\u00e9ph\u00e9riques des Glaciers de la Meije<\/strong><\/h3>\n<p style=\"text-align: center;\"><em><strong>D\u00e9couvrez les chemins l\u00e9gendaires de La Grave<\/strong><\/em><\/p>\n<ul>\n<li><a href=\"http:\/\/bikelagrave.com\/index.php\/technique-endurance-levels\/\">Technique: NOIR<\/a><\/li>\n<li><a href=\"http:\/\/bikelagrave.com\/index.php\/technique-endurance-levels\/\">Physique: NOIR<\/a><\/li>\n<\/ul>\n<p><span style=\"font-weight: 400;\">Il faut avoir une bonne exp\u00e9rience et le c\u0153ur bien accroch\u00e9 pour rouler sur les sentiers\u00a0 du t\u00e9l\u00e9ph\u00e9rique de La Grave. Raides, rocailleux, expos\u00e9s, exigeants, sportifs et inoubliables! Une chose est s\u00fbre vous n\u2019avez jamais roul\u00e9 comme chez nous\u00a0 au d\u00e9part d\u2019une remont\u00e9e m\u00e9canique. Fid\u00e8le \u00e0 l\u2019esprit de La Grave, les sentiers n\u2019ont pas grand-chose \u00e0 voir avec les bikes park habituels en station : ils sont plus engag\u00e9s mais aussi plus naturels. Si habituellement vous trouvez des passerelles, des virages relev\u00e9s et des sauts, ici les sentiers sont am\u00e9nag\u00e9s le moins possible. D\u00e9crire ce terrain aussi incroyable qu\u2019original n\u2019est pas facile, le mieux est de venir les tester par vous-m\u00eame!<\/span><\/p>\n<p><span style=\"font-weight: 400;\">Il y a cinq itin\u00e9raires officiels fait \u00e0 la main qui suivent parfaitement le relief et descendent de la gare interm\u00e9diaire de 2400 jusqu\u2019au village 1000 m plus bas (et quelques traces cach\u00e9s, cach\u00e9s que votre guide vous fera d\u00e9couvrir) ainsi qu\u2019un itin\u00e9raire \u2018\u2019g\u00e9ant\u2019\u2019, le \u2018\u2019King Stone Road\u2019\u2019 depuis le sommet du t\u00e9l\u00e9ph\u00e9rique \u00e0 3200 m jusqu\u2019au village, 1750 m plus bas. Lors d\u2019une journ\u00e9e classique nous roulons en moyenne 3700m de d\u00e9nivel\u00e9.<\/span>[\/vc_column_text][vc_btn title=&#8221;Book your trip&#8221; color=&#8221;black&#8221; align=&#8221;center&#8221; i_align=&#8221;right&#8221; i_icon_fontawesome=&#8221;&#8221; add_icon=&#8221;true&#8221; link=&#8221;url:https%3A%2F%2Fwww.bikelagrave.com%2Fbooking%2F|title:Booking&#8221;][\/vc_column][vc_column width=&#8221;1\/2&#8243; css=&#8221;.vc_custom_1572709272535{border-radius: 1px !important;}&#8221;][vc_images_carousel images=&#8221;589,655,909,870,648,642,640&#8243; img_size=&#8221;500&#215;500&#8243; autoplay=&#8221;yes&#8221; hide_pagination_control=&#8221;yes&#8221; hide_prev_next_buttons=&#8221;yes&#8221; wrap=&#8221;yes&#8221;][\/vc_column][\/vc_row][vc_row][vc_column][vc_separator color=&#8221;custom&#8221; accent_color=&#8221;#5b5b5b&#8221;][\/vc_column][\/vc_row][vc_row gap=&#8221;10&#8243; equal_height=&#8221;yes&#8221; content_placement=&#8221;middle&#8221;][vc_column width=&#8221;1\/2&#8243; css=&#8221;.vc_custom_1572709364387{border-radius: 1px !important;}&#8221;][vc_images_carousel images=&#8221;1129,891,1131,877,658,1132&#8243; img_size=&#8221;500&#215;500&#8243; autoplay=&#8221;yes&#8221; hide_pagination_control=&#8221;yes&#8221; hide_prev_next_buttons=&#8221;yes&#8221; wrap=&#8221;yes&#8221;][\/vc_column][vc_column width=&#8221;1\/2&#8243; css=&#8221;.vc_custom_1572092566490{margin-top: 20px !important;}&#8221;][vc_column_text]\n<h3 style=\"text-align: center;\">Les 2 Alpes<\/h3>\n<ul>\n<li><a href=\"http:\/\/bikelagrave.com\/index.php\/technique-endurance-levels\/\">Technique: ROUGE<\/a><\/li>\n<li><a href=\"http:\/\/bikelagrave.com\/index.php\/technique-endurance-levels\/\">Physique: ROUGE<\/a><\/li>\n<\/ul>\n<p><span style=\"font-weight: 400;\">Juste \u00e0 c\u00f4t\u00e9 de La Grave, Les Deux Alpes est un des plus grands domaine VTT des Alpes, avec des possibilit\u00e9s de descentes allant jusqu\u2019\u00e0 2300 m de d\u00e9nivel\u00e9 ! Venez d\u00e9couvrir les supers\u00a0 sentiers typ\u00e9s enduro de nos voisins.<\/span>[\/vc_column_text][vc_btn title=&#8221;Book your trip&#8221; color=&#8221;black&#8221; align=&#8221;center&#8221; i_align=&#8221;right&#8221; i_icon_fontawesome=&#8221;&#8221; add_icon=&#8221;true&#8221; link=&#8221;url:https%3A%2F%2Fwww.bikelagrave.com%2Fbooking%2F|title:Booking&#8221;][\/vc_column][\/vc_row][vc_row][vc_column][vc_separator color=&#8221;custom&#8221; accent_color=&#8221;#5b5b5b&#8221;][\/vc_column][\/vc_row][vc_row equal_height=&#8221;yes&#8221; content_placement=&#8221;middle&#8221; css=&#8221;.vc_custom_1572714827301{margin-bottom: 10px !important;}&#8221;][vc_column width=&#8221;1\/2&#8243; css=&#8221;.vc_custom_1572092558740{margin-top: 20px !important;}&#8221;][vc_column_text]\n<h3 style=\"text-align: center;\">Serre Chevalier<\/h3>\n<ul>\n<li><a href=\"http:\/\/bikelagrave.com\/index.php\/technique-endurance-levels\/\">Technique: ROUGE<\/a><\/li>\n<li><a href=\"http:\/\/bikelagrave.com\/index.php\/technique-endurance-levels\/\">Physique: ROUGE<\/a><\/li>\n<\/ul>\n<p><span style=\"font-weight: 400;\">Au c\u0153ur des Hautes-Alpes, Serre Chevalier Bike Park regorge de descentes typ\u00e9es enduro au d\u00e9part des remont\u00e9es m\u00e9caniques. Venez d\u00e9couvrir l\u2019autre versant du Col du Lautaret !<\/span>[\/vc_column_text][vc_btn title=&#8221;Book your trip&#8221; color=&#8221;black&#8221; align=&#8221;center&#8221; i_align=&#8221;right&#8221; i_icon_fontawesome=&#8221;&#8221; add_icon=&#8221;true&#8221; link=&#8221;url:https%3A%2F%2Fwww.bikelagrave.com%2Fbooking%2F|title:Booking&#8221;][\/vc_column][vc_column width=&#8221;1\/2&#8243; css=&#8221;.vc_custom_1572709455868{border-radius: 1px !important;}&#8221;][vc_images_carousel images=&#8221;892,631&#8243; img_size=&#8221;500&#215;500&#8243; autoplay=&#8221;yes&#8221; hide_pagination_control=&#8221;yes&#8221; hide_prev_next_buttons=&#8221;yes&#8221; wrap=&#8221;yes&#8221;][\/vc_column][\/vc_row][vc_row][vc_column][vc_separator color=&#8221;custom&#8221; accent_color=&#8221;#5b5b5b&#8221;][\/vc_column][\/vc_row][vc_row gap=&#8221;10&#8243; equal_height=&#8221;yes&#8221; content_placement=&#8221;middle&#8221;][vc_column width=&#8221;1\/2&#8243; css=&#8221;.vc_custom_1572709476726{border-radius: 1px !important;}&#8221;][vc_images_carousel images=&#8221;883,879&#8243; img_size=&#8221;500&#215;500&#8243; autoplay=&#8221;yes&#8221; hide_pagination_control=&#8221;yes&#8221; hide_prev_next_buttons=&#8221;yes&#8221; wrap=&#8221;yes&#8221;][\/vc_column][vc_column width=&#8221;1\/2&#8243; css=&#8221;.vc_custom_1572092566490{margin-top: 20px !important;}&#8221;][vc_column_text]\n<h3 style=\"text-align: center;\">Alpe d&#8217;Huez<\/h3>\n<ul>\n<li><a href=\"http:\/\/bikelagrave.com\/index.php\/technique-endurance-levels\/\">Technique: ROUGE<\/a><\/li>\n<li><a href=\"http:\/\/bikelagrave.com\/index.php\/technique-endurance-levels\/\">Physique: ROUGE<\/a><\/li>\n<\/ul>\n<p><span style=\"font-weight: 400;\">Avec environ 100 km de chemins typ\u00e9s enduro, l\u2019Alpes d\u2019Huez est une station d\u00e9mente \u00e0 seulement 45 minutes de La Grave. Connu pour la M\u00e9gavalanche, cette descente dingue qui commence sur le glacier et finit 2600m plus bas dans la vall\u00e9e apr\u00e8s 20 kilom\u00e8tres !<\/span>[\/vc_column_text][vc_btn title=&#8221;Book your trip&#8221; color=&#8221;black&#8221; align=&#8221;center&#8221; i_align=&#8221;right&#8221; i_icon_fontawesome=&#8221;&#8221; add_icon=&#8221;true&#8221; link=&#8221;url:https%3A%2F%2Fwww.bikelagrave.com%2Fbooking%2F|title:Booking&#8221;][\/vc_column][\/vc_row]\n<\/section>","protected":false},"excerpt":{"rendered":"<p>[vc_row full_width=&#8221;stretch_row_content_no_spaces&#8221;][vc_column][vc_single_image image=&#8221;669&#8243; img_size=&#8221;full&#8221; alignment=&#8221;center&#8221;][\/vc_column][\/vc_row][vc_row css=&#8221;.vc_custom_1572098338794{background-position: 0 0 !important;background-repeat: no-repeat !important;}&#8221;][vc_column][vc_column_text] Descente La Grave n\u2019est pas un bike park. Ici pas de chemin am\u00e9nag\u00e9s, pas de panneaux avant les obstacles et pas de virages relev\u00e9s, nous roulons dans un environnement beaucoup plus alpin. Des sentiers techniques et rocheux qui fr\u00f4lent les glaciers puis des singles&hellip;<\/p>\n","protected":false},"author":2,"featured_media":0,"parent":0,"menu_order":0,"comment_status":"closed","ping_status":"closed","template":"","meta":{"inline_featured_image":false},"acf":[],"yoast_head":"<!-- This site is optimized with the Yoast SEO plugin v21.8.1 - https:\/\/yoast.com\/wordpress\/plugins\/seo\/ -->\n<title>Bike La Grave - Downhill \/ Descente<\/title>\n<meta name=\"description\" content=\"Technical trails that veer next to glaciers, steep singletracks in the forest, and solitude for an alpine descent of 1780m (5,840ft). You have never experienced lift accessed mountain biking like this before!\" \/>\n<meta name=\"robots\" content=\"index, follow, max-snippet:-1, max-image-preview:large, max-video-preview:-1\" \/>\n<link rel=\"canonical\" href=\"https:\/\/www.bikelagrave.com\/downhill\/\" \/>\n<meta property=\"og:locale\" content=\"fr_FR\" \/>\n<meta property=\"og:type\" content=\"article\" \/>\n<meta property=\"og:title\" content=\"Bike La Grave - Downhill \/ Descente\" \/>\n<meta property=\"og:description\" content=\"Technical trails that veer next to glaciers, steep singletracks in the forest, and solitude for an alpine descent of 1780m (5,840ft). You have never experienced lift accessed mountain biking like this before!\" \/>\n<meta property=\"og:url\" content=\"https:\/\/www.bikelagrave.com\/downhill\/\" \/>\n<meta property=\"og:site_name\" content=\"Bike La Grave\" \/>\n<meta property=\"article:modified_time\" content=\"2021-05-13T13:37:18+00:00\" \/>\n<meta name=\"twitter:card\" content=\"summary_large_image\" \/>\n<meta name=\"twitter:label1\" content=\"Dur\u00e9e de lecture estim\u00e9e\" \/>\n\t<meta name=\"twitter:data1\" content=\"3 minutes\" \/>\n<script type=\"application\/ld+json\" class=\"yoast-schema-graph\">{\"@context\":\"https:\/\/schema.org\",\"@graph\":[{\"@type\":\"WebPage\",\"@id\":\"https:\/\/www.bikelagrave.com\/downhill\/\",\"url\":\"https:\/\/www.bikelagrave.com\/downhill\/\",\"name\":\"Bike La Grave - Downhill \/ Descente\",\"isPartOf\":{\"@id\":\"https:\/\/www.bikelagrave.com\/#website\"},\"datePublished\":\"2019-10-26T17:01:53+00:00\",\"dateModified\":\"2021-05-13T13:37:18+00:00\",\"description\":\"Technical trails that veer next to glaciers, steep singletracks in the forest, and solitude for an alpine descent of 1780m (5,840ft). You have never experienced lift accessed mountain biking like this before!\",\"breadcrumb\":{\"@id\":\"https:\/\/www.bikelagrave.com\/downhill\/#breadcrumb\"},\"inLanguage\":\"fr-FR\",\"potentialAction\":[{\"@type\":\"ReadAction\",\"target\":[\"https:\/\/www.bikelagrave.com\/downhill\/\"]}]},{\"@type\":\"BreadcrumbList\",\"@id\":\"https:\/\/www.bikelagrave.com\/downhill\/#breadcrumb\",\"itemListElement\":[{\"@type\":\"ListItem\",\"position\":1,\"name\":\"Home\",\"item\":\"https:\/\/www.bikelagrave.com\/\"},{\"@type\":\"ListItem\",\"position\":2,\"name\":\"Downhill\"}]},{\"@type\":\"WebSite\",\"@id\":\"https:\/\/www.bikelagrave.com\/#website\",\"url\":\"https:\/\/www.bikelagrave.com\/\",\"name\":\"Bike La Grave\",\"description\":\"Biking in La Grave\",\"potentialAction\":[{\"@type\":\"SearchAction\",\"target\":{\"@type\":\"EntryPoint\",\"urlTemplate\":\"https:\/\/www.bikelagrave.com\/?s={search_term_string}\"},\"query-input\":\"required name=search_term_string\"}],\"inLanguage\":\"fr-FR\"}]}<\/script>\n<!-- \/ Yoast SEO plugin. -->","yoast_head_json":{"title":"Bike La Grave - Downhill \/ Descente","description":"Technical trails that veer next to glaciers, steep singletracks in the forest, and solitude for an alpine descent of 1780m (5,840ft). You have never experienced lift accessed mountain biking like this before!","robots":{"index":"index","follow":"follow","max-snippet":"max-snippet:-1","max-image-preview":"max-image-preview:large","max-video-preview":"max-video-preview:-1"},"canonical":"https:\/\/www.bikelagrave.com\/downhill\/","og_locale":"fr_FR","og_type":"article","og_title":"Bike La Grave - Downhill \/ Descente","og_description":"Technical trails that veer next to glaciers, steep singletracks in the forest, and solitude for an alpine descent of 1780m (5,840ft). You have never experienced lift accessed mountain biking like this before!","og_url":"https:\/\/www.bikelagrave.com\/downhill\/","og_site_name":"Bike La Grave","article_modified_time":"2021-05-13T13:37:18+00:00","twitter_card":"summary_large_image","twitter_misc":{"Dur\u00e9e de lecture estim\u00e9e":"3 minutes"},"schema":{"@context":"https:\/\/schema.org","@graph":[{"@type":"WebPage","@id":"https:\/\/www.bikelagrave.com\/downhill\/","url":"https:\/\/www.bikelagrave.com\/downhill\/","name":"Bike La Grave - Downhill \/ Descente","isPartOf":{"@id":"https:\/\/www.bikelagrave.com\/#website"},"datePublished":"2019-10-26T17:01:53+00:00","dateModified":"2021-05-13T13:37:18+00:00","description":"Technical trails that veer next to glaciers, steep singletracks in the forest, and solitude for an alpine descent of 1780m (5,840ft). You have never experienced lift accessed mountain biking like this before!","breadcrumb":{"@id":"https:\/\/www.bikelagrave.com\/downhill\/#breadcrumb"},"inLanguage":"fr-FR","potentialAction":[{"@type":"ReadAction","target":["https:\/\/www.bikelagrave.com\/downhill\/"]}]},{"@type":"BreadcrumbList","@id":"https:\/\/www.bikelagrave.com\/downhill\/#breadcrumb","itemListElement":[{"@type":"ListItem","position":1,"name":"Home","item":"https:\/\/www.bikelagrave.com\/"},{"@type":"ListItem","position":2,"name":"Downhill"}]},{"@type":"WebSite","@id":"https:\/\/www.bikelagrave.com\/#website","url":"https:\/\/www.bikelagrave.com\/","name":"Bike La Grave","description":"Biking in La Grave","potentialAction":[{"@type":"SearchAction","target":{"@type":"EntryPoint","urlTemplate":"https:\/\/www.bikelagrave.com\/?s={search_term_string}"},"query-input":"required name=search_term_string"}],"inLanguage":"fr-FR"}]}},"_links":{"self":[{"href":"https:\/\/www.bikelagrave.com\/fr\/wp-json\/wp\/v2\/pages\/396"}],"collection":[{"href":"https:\/\/www.bikelagrave.com\/fr\/wp-json\/wp\/v2\/pages"}],"about":[{"href":"https:\/\/www.bikelagrave.com\/fr\/wp-json\/wp\/v2\/types\/page"}],"author":[{"embeddable":true,"href":"https:\/\/www.bikelagrave.com\/fr\/wp-json\/wp\/v2\/users\/2"}],"replies":[{"embeddable":true,"href":"https:\/\/www.bikelagrave.com\/fr\/wp-json\/wp\/v2\/comments?post=396"}],"version-history":[{"count":90,"href":"https:\/\/www.bikelagrave.com\/fr\/wp-json\/wp\/v2\/pages\/396\/revisions"}],"predecessor-version":[{"id":1254,"href":"https:\/\/www.bikelagrave.com\/fr\/wp-json\/wp\/v2\/pages\/396\/revisions\/1254"}],"wp:attachment":[{"href":"https:\/\/www.bikelagrave.com\/fr\/wp-json\/wp\/v2\/media?parent=396"}],"curies":[{"name":"wp","href":"https:\/\/api.w.org\/{rel}","templated":true}]}}