{"id":414,"date":"2019-10-27T10:55:50","date_gmt":"2019-10-27T08:55:50","guid":{"rendered":"http:\/\/jciidun.cluster028.hosting.ovh.net\/?page_id=414"},"modified":"2021-05-13T15:32:03","modified_gmt":"2021-05-13T13:32:03","slug":"adventure-weeks","status":"publish","type":"page","link":"https:\/\/www.bikelagrave.com\/fr\/adventure-weeks\/","title":{"rendered":"S\u00e9jours VTT"},"content":{"rendered":"<section class=\"wpb-content-wrapper\">[vc_row full_width=&#8221;stretch_row_content_no_spaces&#8221;][vc_column][vc_single_image image=&#8221;852&#8243; img_size=&#8221;full&#8221; alignment=&#8221;center&#8221;][\/vc_column][\/vc_row][vc_row css=&#8221;.vc_custom_1572098338794{background-position: 0 0 !important;background-repeat: no-repeat !important;}&#8221;][vc_column][vc_column_text]\n<h1 style=\"text-align: center;\">S\u00e9jours VTT<\/h1>\n<p style=\"text-align: center;\"><strong>Une vraie exp\u00e9rience VTT de La Grave et de la r\u00e9gion ne se fait pas en un jour !<\/strong><\/p>\n<p style=\"text-align: center;\"><strong>D\u00e9couvrez nos semaines aventure et laissez nous vous guider dans les coins cach\u00e9s et incroyables des Alpes fran\u00e7aises.<\/strong><\/p>\n[\/vc_column_text][\/vc_column][\/vc_row][vc_row][vc_column][vc_separator color=&#8221;custom&#8221; accent_color=&#8221;#5b5b5b&#8221;][\/vc_column][\/vc_row][vc_row equal_height=&#8221;yes&#8221; content_placement=&#8221;middle&#8221;][vc_column width=&#8221;1\/2&#8243; css=&#8221;.vc_custom_1572092558740{margin-top: 20px !important;}&#8221;][vc_column_text]\n<h3 style=\"text-align: center;\"><strong>Semaine Enduro Station<\/strong><\/h3>\n<p><span style=\"font-weight: 400;\">Pas vraiment une semaine de bike park classique, nous chercherons les sentiers d\u2019enduro peu connus et accessibles depuis les remont\u00e9es m\u00e9caniques.<\/span><\/p>\n<ul>\n<li><a href=\"http:\/\/bikelagrave.com\/index.php\/technique-endurance-levels\/\"><span style=\"font-weight: 400;\">Technique: ROUGE<\/span><\/a><\/li>\n<li><a href=\"http:\/\/bikelagrave.com\/index.php\/technique-endurance-levels\/\"><span style=\"font-weight: 400;\">Physique: ROUGE<\/span><\/a><\/li>\n<\/ul>\n<p><span style=\"font-weight: 400;\">Bas\u00e9 \u00e0 La Grave pour la semaine, nous explorons les stations voisines, toutes \u00e0 moins d\u2019une heure de route, pour finir par l\u2019incroyable &#8220;King Stone Road&#8221; \u00e0 La Grave !<\/span><\/p>\n<p><span style=\"font-weight: 400;\">J1: Serre Chevalier<\/span><\/p>\n<p><span style=\"font-weight: 400;\">J2: Les Deux Alpes<\/span><\/p>\n<p><span style=\"font-weight: 400;\">J3: Montgen\u00e8vre<\/span><\/p>\n<p><span style=\"font-weight: 400;\">J4: L\u2019Alpes d\u2019Huez<\/span><\/p>\n<p><span style=\"font-weight: 400;\">J5: La Grave<\/span>[\/vc_column_text][vc_btn title=&#8221;Book your trip&#8221; color=&#8221;black&#8221; align=&#8221;center&#8221; i_align=&#8221;right&#8221; i_icon_fontawesome=&#8221;&#8221; add_icon=&#8221;true&#8221; link=&#8221;url:https%3A%2F%2Fwww.bikelagrave.com%2Fbooking%2F|title:Booking&#8221;][\/vc_column][vc_column width=&#8221;1\/2&#8243;][vc_images_carousel images=&#8221;926,891,631,596,892,894&#8243; img_size=&#8221;500&#215;500&#8243; autoplay=&#8221;yes&#8221; hide_pagination_control=&#8221;yes&#8221; hide_prev_next_buttons=&#8221;yes&#8221; wrap=&#8221;yes&#8221;][\/vc_column][\/vc_row][vc_row][vc_column][vc_separator color=&#8221;custom&#8221; accent_color=&#8221;#5b5b5b&#8221;][\/vc_column][\/vc_row][vc_row gap=&#8221;10&#8243; equal_height=&#8221;yes&#8221; content_placement=&#8221;middle&#8221; css=&#8221;.vc_custom_1572712107585{margin-top: 20px !important;}&#8221;][vc_column width=&#8221;1\/2&#8243;][vc_images_carousel images=&#8221;857,863,1124,1125,666,859,1128&#8243; img_size=&#8221;500&#215;500&#8243; autoplay=&#8221;yes&#8221; hide_pagination_control=&#8221;yes&#8221; hide_prev_next_buttons=&#8221;yes&#8221; wrap=&#8221;yes&#8221;][\/vc_column][vc_column width=&#8221;1\/2&#8243; css=&#8221;.vc_custom_1572092566490{margin-top: 20px !important;}&#8221;][vc_column_text]\n<h3 style=\"text-align: center;\"><strong>Semaine All Mountain Endurance<\/strong><\/h3>\n<p><span style=\"font-weight: 400;\">Venez tester vos limites et profiter de sentiers et de paysages incroyables<\/span><\/p>\n<ul>\n<li><a href=\"http:\/\/bikelagrave.com\/index.php\/technique-endurance-levels\/\"><span style=\"font-weight: 400;\">Technique: ROUGE<\/span><\/a><\/li>\n<li><a href=\"http:\/\/bikelagrave.com\/index.php\/technique-endurance-levels\/\"><span style=\"font-weight: 400;\">Physique: NOIR<\/span><\/a><\/li>\n<\/ul>\n<p><span style=\"font-weight: 400;\">Vous voulez tester votre condition physique sur quelques-uns des sentiers les plus incroyables des Alpes? Alors cette semaine est faite pour vous. En montant \u00e0 la force des jambes*, vous serez r\u00e9compens\u00e9s par des descentes techniques et des vues inoubliables sur les montagnes du parc des Ecrins et des Alpes en g\u00e9n\u00e9ral !<\/span><\/p>\n<p><em><span style=\"font-weight: 400;\">Il est possible de pr\u00e9voir un jour de repos durant la semaine sans co\u00fbt suppl\u00e9mentaire. Pensez \u00e0 le pr\u00e9ciser lors de votre r\u00e9servation.<\/span><\/em><\/p>\n<p><span style=\"font-weight: 400;\">J1: Grand tour des Hameaux de La Grave. 30km, D+1109m\/D-1109m<\/span><\/p>\n<p><span style=\"font-weight: 400;\">J2: Les Cerces. 43km, D+2080m\/D-2113m<\/span><\/p>\n<p><span style=\"font-weight: 400;\">J3: La Malaine. 14,5km D+813m\/D-1375m<\/span><\/p>\n<p><span style=\"font-weight: 400;\">J4: Le M\u00e9l\u00e9zin. 24km, D+1242m\/D-1242m<\/span><\/p>\n<p><span style=\"font-weight: 400;\">J5: Plateau d\u2019En Paris. Variante de 27 \u00e0 52 km et de 922 \u00e0 2400m de D+\/D-<\/span><\/p>\n<p><span style=\"font-weight: 400;\">* Cette semaine peut \u00eatre r\u00e9alis\u00e9e en VTTAE (VTT \u00e9lectrique). Si vous choisissez cette formule et que vous voulez rallonger les randonn\u00e9es, tous les tours sont tous modifiables pour profiter plus longtemps de ces belles journ\u00e9es.<\/span>[\/vc_column_text][vc_btn title=&#8221;Book your trip&#8221; color=&#8221;black&#8221; align=&#8221;center&#8221; i_align=&#8221;right&#8221; i_icon_fontawesome=&#8221;&#8221; add_icon=&#8221;true&#8221; link=&#8221;url:https%3A%2F%2Fwww.bikelagrave.com%2Fbooking%2F|title:Booking&#8221;][\/vc_column][\/vc_row][vc_row][vc_column][vc_separator color=&#8221;custom&#8221; accent_color=&#8221;#5b5b5b&#8221;][\/vc_column][\/vc_row][vc_row equal_height=&#8221;yes&#8221; content_placement=&#8221;middle&#8221;][vc_column width=&#8221;1\/2&#8243; css=&#8221;.vc_custom_1572092558740{margin-top: 20px !important;}&#8221;][vc_column_text]\n<h3 style=\"text-align: center;\">Semaine Enduro<\/h3>\n<p style=\"text-align: center;\"><em>This incredible week allows us to maximize descents by using shuttles while exploring the Hautes Alpes<\/em><\/p>\n<ul>\n<li><a href=\"http:\/\/bikelagrave.com\/index.php\/technique-endurance-levels\/\">Technique: ROUGE<\/a><\/li>\n<li><a href=\"http:\/\/bikelagrave.com\/index.php\/technique-endurance-levels\/\">Physique: ROUGE<\/a><\/li>\n<\/ul>\n<p><span style=\"font-weight: 400;\">Si vous aimez les longues descentes techniques et joueuses en montagne et que vous voulez d\u00e9couvrir les merveilles que la Grave et ses environs offrent, alors cette semaine est pour vous. Bas\u00e9 \u00e0 La Grave pour la semaine, nous utilisons la navette pour acc\u00e9der \u00e0 la majorit\u00e9 des d\u00e9parts et optimiser les descentes tous les jours, mais nous pousserons parfois un peu plus loin \u00e0 la p\u00e9dale pour aller chercher quelques lignes secr\u00e8tes. Les possibilit\u00e9s de la r\u00e9gions sont infinies avec une navette et un tout petit peu de p\u00e9dalage!<\/span><\/p>\n<p><em><span style=\"font-weight: 400;\">Le programme est indicatif et nous pouvons adapter chaque journ\u00e9e \u00e0 vos envies.<\/span><\/em><\/p>\n<p><span style=\"font-weight: 400;\">J1: De La Grave \u00e0 Bourg d\u2019Oisans. 24km, D+477m\/D-3370m<\/span><\/p>\n<p><span style=\"font-weight: 400;\">La Grave, col de Sarenne, l\u2019Alpe d\u2019Huez, Sadonne, Chemin du Facteur<\/span><\/p>\n<p><span style=\"font-weight: 400;\">J2: Bours d\u2019oisans: 21km,D+760m\/D-2390m<\/span><\/p>\n<p><span style=\"font-weight: 400;\">Maliane, chemin du Facteur<\/span><\/p>\n<p><span style=\"font-weight: 400;\">J3: Les Cerces. 37km, D+1142m\/D-2953m<\/span><\/p>\n<p><span style=\"font-weight: 400;\">Col du Galibier, col de La Ponsonni\u00e8re, Cerces, Chemin du Roi, Lautaret, La Grave<\/span><\/p>\n<p><span style=\"font-weight: 400;\">J4: Brian\u00e7on: 12km, D+0m\/D-2032<\/span><\/p>\n<p><span style=\"font-weight: 400;\">Granon, M\u00e9l\u00e9zin, Fort des 3 t\u00eates<\/span><\/p>\n<p><span style=\"font-weight: 400;\">J5: T\u00e9l\u00e9ph\u00e9rique de La Grave: 15km, D+150\/D-3930m (journ\u00e9e moyenne), \u2018\u2019king stone road\u2019\u2019 et plus!<\/span><\/p>\n[\/vc_column_text][vc_btn title=&#8221;Book your trip&#8221; color=&#8221;black&#8221; align=&#8221;center&#8221; i_align=&#8221;right&#8221; i_icon_fontawesome=&#8221;&#8221; add_icon=&#8221;true&#8221; link=&#8221;url:https%3A%2F%2Fwww.bikelagrave.com%2Fbooking%2F|title:Booking&#8221;][\/vc_column][vc_column width=&#8221;1\/2&#8243;][vc_images_carousel images=&#8221;656,640,863,889,891,886,880,860,853,651&#8243; img_size=&#8221;500&#215;500&#8243; autoplay=&#8221;yes&#8221; hide_pagination_control=&#8221;yes&#8221; hide_prev_next_buttons=&#8221;yes&#8221; wrap=&#8221;yes&#8221;][\/vc_column][\/vc_row][vc_row][vc_column][vc_separator color=&#8221;custom&#8221; accent_color=&#8221;#5b5b5b&#8221;][\/vc_column][\/vc_row][vc_row gap=&#8221;10&#8243; equal_height=&#8221;yes&#8221; content_placement=&#8221;middle&#8221; css=&#8221;.vc_custom_1572712118673{margin-top: 20px !important;}&#8221;][vc_column width=&#8221;1\/2&#8243;][vc_images_carousel images=&#8221;912,665,895,892,916,657,632,587&#8243; img_size=&#8221;500&#215;500&#8243; autoplay=&#8221;yes&#8221; hide_pagination_control=&#8221;yes&#8221; hide_prev_next_buttons=&#8221;yes&#8221; wrap=&#8221;yes&#8221;][\/vc_column][vc_column width=&#8221;1\/2&#8243; css=&#8221;.vc_custom_1572092566490{margin-top: 20px !important;}&#8221;][vc_column_text]\n<h3 style=\"text-align: center;\">Grande Travers\u00e9e des Hautes-Alpes<\/h3>\n<ul>\n<li><a href=\"http:\/\/bikelagrave.com\/index.php\/technique-endurance-levels\/\">Technique: ROUGE<\/a><\/li>\n<li><a href=\"http:\/\/bikelagrave.com\/index.php\/technique-endurance-levels\/\">Physique: ROUGE\/NOIR<\/a><\/li>\n<\/ul>\n<p><span style=\"font-weight: 400;\">La travers\u00e9e int\u00e9grale\u00a0 des Hautes Alpes est une longue et folle aventure et un incroyable voyage en montagne. Au d\u00e9part de La Grave et jusqu\u2019\u00e0 Laragne-Monteglin, nous parcourons plus de 350kms pour environ 17000m de d\u00e9nivel\u00e9 n\u00e9gatif ! <\/span><\/p>\n<p><span style=\"font-weight: 400;\">7 \u00e0 10 jours selon l\u2019organisation.\u00a0<\/span><\/p>\n[\/vc_column_text][vc_btn title=&#8221;Book your trip&#8221; color=&#8221;black&#8221; align=&#8221;center&#8221; i_align=&#8221;right&#8221; i_icon_fontawesome=&#8221;&#8221; add_icon=&#8221;true&#8221; link=&#8221;url:https%3A%2F%2Fwww.bikelagrave.com%2Fbooking%2F|title:Booking&#8221;][\/vc_column][\/vc_row]\n<\/section>","protected":false},"excerpt":{"rendered":"<p>[vc_row full_width=&#8221;stretch_row_content_no_spaces&#8221;][vc_column][vc_single_image image=&#8221;852&#8243; img_size=&#8221;full&#8221; alignment=&#8221;center&#8221;][\/vc_column][\/vc_row][vc_row css=&#8221;.vc_custom_1572098338794{background-position: 0 0 !important;background-repeat: no-repeat !important;}&#8221;][vc_column][vc_column_text] S\u00e9jours VTT Une vraie exp\u00e9rience VTT de La Grave et de la r\u00e9gion ne se fait pas en un jour ! D\u00e9couvrez nos semaines aventure et laissez nous vous guider dans les coins cach\u00e9s et incroyables des Alpes fran\u00e7aises. [\/vc_column_text][\/vc_column][\/vc_row][vc_row][vc_column][vc_separator color=&#8221;custom&#8221; accent_color=&#8221;#5b5b5b&#8221;][\/vc_column][\/vc_row][vc_row equal_height=&#8221;yes&#8221; content_placement=&#8221;middle&#8221;][vc_column&hellip;<\/p>\n","protected":false},"author":2,"featured_media":0,"parent":0,"menu_order":0,"comment_status":"closed","ping_status":"closed","template":"","meta":{"inline_featured_image":false},"acf":[],"yoast_head":"<!-- This site is optimized with the Yoast SEO plugin v21.8.1 - https:\/\/yoast.com\/wordpress\/plugins\/seo\/ -->\n<title>Bike La Grave - Adventure Weeks \/ S\u00e9jours VTT<\/title>\n<meta name=\"description\" content=\"To truly experience the mountain biking in La Grave and the surrounding area you need more than a day! Explore our adventure weeks and let us show you around this amazing hidden corner of the French Alps. We can also customize your own perfect adventure week. Check out our custom offerings.\" \/>\n<meta name=\"robots\" content=\"index, follow, max-snippet:-1, max-image-preview:large, max-video-preview:-1\" \/>\n<link rel=\"canonical\" href=\"https:\/\/www.bikelagrave.com\/adventure-weeks\/\" \/>\n<meta property=\"og:locale\" content=\"fr_FR\" \/>\n<meta property=\"og:type\" content=\"article\" \/>\n<meta property=\"og:title\" content=\"Bike La Grave - Adventure Weeks \/ S\u00e9jours VTT\" \/>\n<meta property=\"og:description\" content=\"To truly experience the mountain biking in La Grave and the surrounding area you need more than a day! Explore our adventure weeks and let us show you around this amazing hidden corner of the French Alps. We can also customize your own perfect adventure week. Check out our custom offerings.\" \/>\n<meta property=\"og:url\" content=\"https:\/\/www.bikelagrave.com\/adventure-weeks\/\" \/>\n<meta property=\"og:site_name\" content=\"Bike La Grave\" \/>\n<meta property=\"article:modified_time\" content=\"2021-05-13T13:32:03+00:00\" \/>\n<meta name=\"twitter:card\" content=\"summary_large_image\" \/>\n<meta name=\"twitter:label1\" content=\"Dur\u00e9e de lecture estim\u00e9e\" \/>\n\t<meta name=\"twitter:data1\" content=\"4 minutes\" \/>\n<script type=\"application\/ld+json\" class=\"yoast-schema-graph\">{\"@context\":\"https:\/\/schema.org\",\"@graph\":[{\"@type\":\"WebPage\",\"@id\":\"https:\/\/www.bikelagrave.com\/adventure-weeks\/\",\"url\":\"https:\/\/www.bikelagrave.com\/adventure-weeks\/\",\"name\":\"Bike La Grave - Adventure Weeks \/ S\u00e9jours VTT\",\"isPartOf\":{\"@id\":\"https:\/\/www.bikelagrave.com\/#website\"},\"datePublished\":\"2019-10-27T08:55:50+00:00\",\"dateModified\":\"2021-05-13T13:32:03+00:00\",\"description\":\"To truly experience the mountain biking in La Grave and the surrounding area you need more than a day! Explore our adventure weeks and let us show you around this amazing hidden corner of the French Alps. We can also customize your own perfect adventure week. Check out our custom offerings.\",\"breadcrumb\":{\"@id\":\"https:\/\/www.bikelagrave.com\/adventure-weeks\/#breadcrumb\"},\"inLanguage\":\"fr-FR\",\"potentialAction\":[{\"@type\":\"ReadAction\",\"target\":[\"https:\/\/www.bikelagrave.com\/adventure-weeks\/\"]}]},{\"@type\":\"BreadcrumbList\",\"@id\":\"https:\/\/www.bikelagrave.com\/adventure-weeks\/#breadcrumb\",\"itemListElement\":[{\"@type\":\"ListItem\",\"position\":1,\"name\":\"Home\",\"item\":\"https:\/\/www.bikelagrave.com\/\"},{\"@type\":\"ListItem\",\"position\":2,\"name\":\"Adventure Weeks\"}]},{\"@type\":\"WebSite\",\"@id\":\"https:\/\/www.bikelagrave.com\/#website\",\"url\":\"https:\/\/www.bikelagrave.com\/\",\"name\":\"Bike La Grave\",\"description\":\"Biking in La Grave\",\"potentialAction\":[{\"@type\":\"SearchAction\",\"target\":{\"@type\":\"EntryPoint\",\"urlTemplate\":\"https:\/\/www.bikelagrave.com\/?s={search_term_string}\"},\"query-input\":\"required name=search_term_string\"}],\"inLanguage\":\"fr-FR\"}]}<\/script>\n<!-- \/ Yoast SEO plugin. -->","yoast_head_json":{"title":"Bike La Grave - Adventure Weeks \/ S\u00e9jours VTT","description":"To truly experience the mountain biking in La Grave and the surrounding area you need more than a day! Explore our adventure weeks and let us show you around this amazing hidden corner of the French Alps. We can also customize your own perfect adventure week. Check out our custom offerings.","robots":{"index":"index","follow":"follow","max-snippet":"max-snippet:-1","max-image-preview":"max-image-preview:large","max-video-preview":"max-video-preview:-1"},"canonical":"https:\/\/www.bikelagrave.com\/adventure-weeks\/","og_locale":"fr_FR","og_type":"article","og_title":"Bike La Grave - Adventure Weeks \/ S\u00e9jours VTT","og_description":"To truly experience the mountain biking in La Grave and the surrounding area you need more than a day! Explore our adventure weeks and let us show you around this amazing hidden corner of the French Alps. We can also customize your own perfect adventure week. Check out our custom offerings.","og_url":"https:\/\/www.bikelagrave.com\/adventure-weeks\/","og_site_name":"Bike La Grave","article_modified_time":"2021-05-13T13:32:03+00:00","twitter_card":"summary_large_image","twitter_misc":{"Dur\u00e9e de lecture estim\u00e9e":"4 minutes"},"schema":{"@context":"https:\/\/schema.org","@graph":[{"@type":"WebPage","@id":"https:\/\/www.bikelagrave.com\/adventure-weeks\/","url":"https:\/\/www.bikelagrave.com\/adventure-weeks\/","name":"Bike La Grave - Adventure Weeks \/ S\u00e9jours VTT","isPartOf":{"@id":"https:\/\/www.bikelagrave.com\/#website"},"datePublished":"2019-10-27T08:55:50+00:00","dateModified":"2021-05-13T13:32:03+00:00","description":"To truly experience the mountain biking in La Grave and the surrounding area you need more than a day! Explore our adventure weeks and let us show you around this amazing hidden corner of the French Alps. We can also customize your own perfect adventure week. Check out our custom offerings.","breadcrumb":{"@id":"https:\/\/www.bikelagrave.com\/adventure-weeks\/#breadcrumb"},"inLanguage":"fr-FR","potentialAction":[{"@type":"ReadAction","target":["https:\/\/www.bikelagrave.com\/adventure-weeks\/"]}]},{"@type":"BreadcrumbList","@id":"https:\/\/www.bikelagrave.com\/adventure-weeks\/#breadcrumb","itemListElement":[{"@type":"ListItem","position":1,"name":"Home","item":"https:\/\/www.bikelagrave.com\/"},{"@type":"ListItem","position":2,"name":"Adventure Weeks"}]},{"@type":"WebSite","@id":"https:\/\/www.bikelagrave.com\/#website","url":"https:\/\/www.bikelagrave.com\/","name":"Bike La Grave","description":"Biking in La Grave","potentialAction":[{"@type":"SearchAction","target":{"@type":"EntryPoint","urlTemplate":"https:\/\/www.bikelagrave.com\/?s={search_term_string}"},"query-input":"required name=search_term_string"}],"inLanguage":"fr-FR"}]}},"_links":{"self":[{"href":"https:\/\/www.bikelagrave.com\/fr\/wp-json\/wp\/v2\/pages\/414"}],"collection":[{"href":"https:\/\/www.bikelagrave.com\/fr\/wp-json\/wp\/v2\/pages"}],"about":[{"href":"https:\/\/www.bikelagrave.com\/fr\/wp-json\/wp\/v2\/types\/page"}],"author":[{"embeddable":true,"href":"https:\/\/www.bikelagrave.com\/fr\/wp-json\/wp\/v2\/users\/2"}],"replies":[{"embeddable":true,"href":"https:\/\/www.bikelagrave.com\/fr\/wp-json\/wp\/v2\/comments?post=414"}],"version-history":[{"count":51,"href":"https:\/\/www.bikelagrave.com\/fr\/wp-json\/wp\/v2\/pages\/414\/revisions"}],"predecessor-version":[{"id":1251,"href":"https:\/\/www.bikelagrave.com\/fr\/wp-json\/wp\/v2\/pages\/414\/revisions\/1251"}],"wp:attachment":[{"href":"https:\/\/www.bikelagrave.com\/fr\/wp-json\/wp\/v2\/media?parent=414"}],"curies":[{"name":"wp","href":"https:\/\/api.w.org\/{rel}","templated":true}]}}