{"id":424,"date":"2019-10-27T11:14:46","date_gmt":"2019-10-27T09:14:46","guid":{"rendered":"http:\/\/jciidun.cluster028.hosting.ovh.net\/?page_id=424"},"modified":"2021-05-13T15:34:15","modified_gmt":"2021-05-13T13:34:15","slug":"allmountain","status":"publish","type":"page","link":"https:\/\/www.bikelagrave.com\/fr\/allmountain\/","title":{"rendered":"All Mountain"},"content":{"rendered":"<section class=\"wpb-content-wrapper\">[vc_row full_width=&#8221;stretch_row_content_no_spaces&#8221;][vc_column][vc_single_image image=&#8221;853&#8243; img_size=&#8221;full&#8221; alignment=&#8221;center&#8221;][\/vc_column][\/vc_row][vc_row css=&#8221;.vc_custom_1572098338794{background-position: 0 0 !important;background-repeat: no-repeat !important;}&#8221;][vc_column][vc_column_text]\n<h1 style=\"text-align: center;\">All Mountain<\/h1>\n<p style=\"text-align: center;\"><em><strong>Vous voulez tester votre endurance sur quelques-uns des sentiers les plus fous des Alpes ? Alors le All Mountain est pour vous.<\/strong><\/em><\/p>\n<p style=\"text-align: center;\"><em><strong>\u00a0<\/strong><\/em><em><strong>Nous utiliserons un VTT classique ou \u00e9lectrique pour gravir les montagnes, et vous serez r\u00e9compens\u00e9s par des descentes techniques et des vues incroyables sur les montagnes du parc national des Ecrins et alentours!<\/strong><\/em><\/p>\n<p style=\"text-align: center;\"><em><strong>En All Mountain les descentes ressemblent \u00e0 l\u2019enduro, mais sans l\u2019assistance des navettes pour les mont\u00e9es il faudra donc p\u00e9daler. Les sorties se passent dans un environnement montagneux et nous nous retrouvons seuls sur des sentiers isol\u00e9s pendant de longues heures. Cette fa\u00e7on de rouler est parfaite pour tous ceux qui aiment l\u2019aventure et le challenge en pleine nature.<\/strong><\/em><\/p>\n<p style=\"text-align: center;\"><em><strong>Les mont\u00e9es se font le plus souvent sur des pistes ou des sentiers mais il faudra aussi de temps en temps pousser ou porter un peu les v\u00e9los pour de courts passages plus raides. Une fois le sommet atteint, les descentes sont toujours tr\u00e8s vari\u00e9es, du single joueur aux passages raides dans les cailloux et les racines en passant par les d\u00e9fis des \u00e9pingles serr\u00e9es, et le tout en profitant de la vue sur La Meije et du bleu des glaciers qui surplombent le village.<\/strong><\/em><\/p>\n[\/vc_column_text][\/vc_column][\/vc_row][vc_row][vc_column][vc_separator color=&#8221;custom&#8221; accent_color=&#8221;#5b5b5b&#8221;][\/vc_column][\/vc_row][vc_row equal_height=&#8221;yes&#8221; content_placement=&#8221;middle&#8221; css=&#8221;.vc_custom_1572715205378{margin-bottom: 10px !important;}&#8221;][vc_column width=&#8221;1\/2&#8243; css=&#8221;.vc_custom_1572092558740{margin-top: 20px !important;}&#8221;][vc_column_text]\n<h3 style=\"text-align: center;\"><strong>Tour du Plateau d\u2019Emparis<\/strong><\/h3>\n<h4 style=\"text-align: center;\"><em><span style=\"font-weight: 400;\">Un des plus beaux itin\u00e9raires de VTT des Alpes<\/span><\/em><\/h4>\n<p><strong>27-52 km et +922\/-922 ou +2400\/-2400<\/strong><\/p>\n<ul>\n<li><a href=\"http:\/\/bikelagrave.com\/index.php\/technique-endurance-levels\/\"><span style=\"font-weight: 400;\">Technique: ROUGE<\/span><\/a><\/li>\n<li><a href=\"http:\/\/bikelagrave.com\/index.php\/technique-endurance-levels\/\"><span style=\"font-weight: 400;\">Physique: ROUGE\/NOIR<\/span><\/a><\/li>\n<\/ul>\n<p><span style=\"font-weight: 400;\">Peut-\u00eatre bien tour notre pr\u00e9f\u00e9r\u00e9 au d\u00e9part de la maison, la vue sur les glaciers depuis le plateau d\u2019Emparis est \u00e9poustouflante. Depuis le petit village du Chazelet, nous remontons une piste tranquille le long du vallon de la Buffe. Une fois au bout de la vall\u00e9e, nous rejoignons le plateau avec un peu de portage\/poussage. Le premier sentier sur le plateau est un single d\u00e9ment et fun. Comme la direction change, la vue sur le versant d\u2019en face est spectaculaire. Les descentes sont vraiment joueuses et les virages s&#8217;encha\u00eenent sur des singles magiques.<\/span>[\/vc_column_text][vc_btn title=&#8221;Book your trip&#8221; color=&#8221;black&#8221; align=&#8221;center&#8221; i_align=&#8221;right&#8221; i_icon_fontawesome=&#8221;&#8221; add_icon=&#8221;true&#8221; link=&#8221;url:https%3A%2F%2Fwww.bikelagrave.com%2Fbooking%2F|title:Booking&#8221;][\/vc_column][vc_column width=&#8221;1\/2&#8243; css=&#8221;.vc_custom_1572711546825{border-radius: 1px !important;}&#8221;][vc_images_carousel images=&#8221;898,632,479,475,471,468&#8243; img_size=&#8221;500&#215;500&#8243; autoplay=&#8221;yes&#8221; hide_pagination_control=&#8221;yes&#8221; hide_prev_next_buttons=&#8221;yes&#8221; wrap=&#8221;yes&#8221;][\/vc_column][\/vc_row][vc_row][vc_column][vc_separator color=&#8221;custom&#8221; accent_color=&#8221;#5b5b5b&#8221;][\/vc_column][\/vc_row][vc_row gap=&#8221;10&#8243; equal_height=&#8221;yes&#8221; content_placement=&#8221;middle&#8221;][vc_column width=&#8221;1\/2&#8243; css=&#8221;.vc_custom_1572711564109{border-radius: 1px !important;}&#8221;][vc_images_carousel images=&#8221;471,586,483,472,479&#8243; img_size=&#8221;500&#215;500&#8243; autoplay=&#8221;yes&#8221; hide_pagination_control=&#8221;yes&#8221; hide_prev_next_buttons=&#8221;yes&#8221; wrap=&#8221;yes&#8221;][\/vc_column][vc_column width=&#8221;1\/2&#8243; css=&#8221;.vc_custom_1572092566490{margin-top: 20px !important;}&#8221;][vc_column_text]\n<h3 style=\"text-align: center;\"><strong>Grand tour des Hameaux de La Grave<\/strong><\/h3>\n<h4 style=\"text-align: center;\"><em><span style=\"font-weight: 400;\">Visitez les Hameaux pittoresques qui surplombent La Grave en roulant des singles supers ludiques.<\/span><\/em><\/h4>\n<p><strong>30 km +1109m\/-1109m<\/strong><\/p>\n<ul>\n<li><a href=\"http:\/\/bikelagrave.com\/index.php\/technique-endurance-levels\/\"><span style=\"font-weight: 400;\">Technique: BLEU<\/span><\/a><\/li>\n<li><a href=\"http:\/\/bikelagrave.com\/index.php\/technique-endurance-levels\/\"><span style=\"font-weight: 400;\">Physique: ROUGE<\/span><\/a><\/li>\n<\/ul>\n<p><span style=\"font-weight: 400;\">Une balade grandiose adapt\u00e9e aux VTTistes de niveau interm\u00e9diaire ou avanc\u00e9, cette boucle part de La Grave et relie les Hameaux du canton: Villar d&#8217;Ar\u00eane, le Pied du Col, Les Cours, Les Hi\u00e8res, le Ventelon, Les Clots, Le Chazelet, Les Terrasses pour finir \u00e0 La Grave.<\/span>[\/vc_column_text][vc_btn title=&#8221;Book your trip&#8221; color=&#8221;black&#8221; align=&#8221;center&#8221; i_align=&#8221;right&#8221; i_icon_fontawesome=&#8221;&#8221; add_icon=&#8221;true&#8221; link=&#8221;url:https%3A%2F%2Fwww.bikelagrave.com%2Fbooking%2F|title:Booking&#8221;][\/vc_column][\/vc_row][vc_row][vc_column][vc_separator color=&#8221;custom&#8221; accent_color=&#8221;#5b5b5b&#8221;][\/vc_column][\/vc_row][vc_row equal_height=&#8221;yes&#8221; content_placement=&#8221;middle&#8221; css=&#8221;.vc_custom_1572715228405{margin-bottom: 10px !important;}&#8221;][vc_column width=&#8221;1\/2&#8243; css=&#8221;.vc_custom_1572092558740{margin-top: 20px !important;}&#8221;][vc_column_text]\n<h3 style=\"text-align: center;\"><strong>Les Cerces<\/strong><\/h3>\n<h4 style=\"text-align: center;\"><em><span style=\"font-weight: 400;\">Venez tester votre condition physique sur ce parcours original, derri\u00e8re le Col du Galibier et au c\u0153ur des Cerces, avec des sentiers incroyables et des paysages inoubliables<\/span><\/em><\/h4>\n<p><strong>43 km +2080m\/-2113m<\/strong><\/p>\n<ul>\n<li><a href=\"http:\/\/bikelagrave.com\/index.php\/technique-endurance-levels\/\"><span style=\"font-weight: 400;\">Technique: ROUGE<\/span><\/a><\/li>\n<li><a href=\"http:\/\/bikelagrave.com\/index.php\/technique-endurance-levels\/\"><span style=\"font-weight: 400;\">Physique: NOIR<\/span><\/a><\/li>\n<\/ul>\n<p><span style=\"font-weight: 400;\">Au d\u00e9part du Col du Lautaret, nous commen\u00e7ons par monter au Col du Galibier, pour ensuite descendre un sentier joueur et technique jusqu\u2019\u00e0 Plan Lachat. De l\u00e0, nous rejoignons le Col du Par\u00e9 par quelques petites routes et pistes pour finalement entrer dans les Cerces et ne plus trouver que des sentiers. Une fois rejoint le Col de La Ponsonni\u00e8re, la vue incroyable de tous c\u00f4t\u00e9s est une belle r\u00e9compense tout comme la descente technique vers l\u2019Alpe du Lauzet o\u00f9 nous roulerons sur le Chemin Du Roi: un sentier bien roulant qui se termine par une section tr\u00e8s joueuse jusqu\u2019\u00e0 la route. Nous terminons par une courte remont\u00e9e sur la route qui nous ram\u00e8nera au Col du Lautaret o\u00f9 nous pourrons f\u00eater cette belle journ\u00e9e au \u201ccaf\u00e9 de la ferme\u201d.<\/span>[\/vc_column_text][vc_btn title=&#8221;Book your trip&#8221; color=&#8221;black&#8221; align=&#8221;center&#8221; i_align=&#8221;right&#8221; i_icon_fontawesome=&#8221;&#8221; add_icon=&#8221;true&#8221; link=&#8221;url:https%3A%2F%2Fwww.bikelagrave.com%2Fbooking%2F|title:Booking&#8221;][\/vc_column][vc_column width=&#8221;1\/2&#8243; css=&#8221;.vc_custom_1572711580247{border-radius: 1px !important;}&#8221;][vc_images_carousel images=&#8221;857,859,856,854,852,853,858&#8243; img_size=&#8221;500&#215;500&#8243; autoplay=&#8221;yes&#8221; hide_pagination_control=&#8221;yes&#8221; hide_prev_next_buttons=&#8221;yes&#8221; wrap=&#8221;yes&#8221;][\/vc_column][\/vc_row][vc_row][vc_column][vc_separator color=&#8221;custom&#8221; accent_color=&#8221;#5b5b5b&#8221;][\/vc_column][\/vc_row][vc_row gap=&#8221;10&#8243; equal_height=&#8221;yes&#8221; content_placement=&#8221;middle&#8221;][vc_column width=&#8221;1\/2&#8243; css=&#8221;.vc_custom_1572711597481{border-radius: 1px !important;}&#8221;][vc_images_carousel images=&#8221;863,861,860,862,864,865&#8243; img_size=&#8221;500&#215;500&#8243; autoplay=&#8221;yes&#8221; hide_pagination_control=&#8221;yes&#8221; hide_prev_next_buttons=&#8221;yes&#8221; wrap=&#8221;yes&#8221;][\/vc_column][vc_column width=&#8221;1\/2&#8243; css=&#8221;.vc_custom_1572092566490{margin-top: 20px !important;}&#8221;][vc_column_text]\n<h3 style=\"text-align: center;\"><strong>La Malaine<\/strong><\/h3>\n<h4 style=\"text-align: center;\"><em><span style=\"font-weight: 400;\">Profitez d\u2019un des tr\u00e9sors cach\u00e9s de Bourg d\u2019Oisans<\/span><\/em><\/h4>\n<p><strong>14.5 km +813m\/-1375m<\/strong><\/p>\n<ul>\n<li><a href=\"http:\/\/bikelagrave.com\/index.php\/technique-endurance-levels\/\"><span style=\"font-weight: 400;\">Technique: ROUGE<\/span><\/a><\/li>\n<li><a href=\"http:\/\/bikelagrave.com\/index.php\/technique-endurance-levels\/\"><span style=\"font-weight: 400;\">Physique: ROUGE<\/span><\/a><\/li>\n<\/ul>\n<p><span style=\"font-weight: 400;\">En partant juste au-dessus d\u2019Ornon, nous commen\u00e7ons par remonter une petite route puis une piste. Une fois rejoint le sentier, il faut parfois pousser ou porter les v\u00e9los pour rejoindre le sommet. Le jeu en vaut la chandelle car la descente sur Bourg d\u2019Oisans est juste incroyable !<\/span>[\/vc_column_text][vc_btn title=&#8221;Book your trip&#8221; color=&#8221;black&#8221; align=&#8221;center&#8221; i_align=&#8221;right&#8221; i_icon_fontawesome=&#8221;&#8221; add_icon=&#8221;true&#8221; link=&#8221;url:https%3A%2F%2Fwww.bikelagrave.com%2Fbooking%2F|title:Booking&#8221;][\/vc_column][\/vc_row][vc_row][vc_column][vc_separator color=&#8221;custom&#8221; accent_color=&#8221;#5b5b5b&#8221;][\/vc_column][\/vc_row][vc_row equal_height=&#8221;yes&#8221; content_placement=&#8221;middle&#8221; css=&#8221;.vc_custom_1572715257024{margin-bottom: 10px !important;}&#8221;][vc_column width=&#8221;1\/2&#8243; css=&#8221;.vc_custom_1572092558740{margin-top: 20px !important;}&#8221;][vc_column_text]\n<h3 style=\"text-align: center;\"><strong>Le M\u00e9l\u00e9zin<\/strong><\/h3>\n<h4 style=\"text-align: center;\"><em><span style=\"font-weight: 400;\">Venez rouler un des plus beaux sentiers du Brian\u00e7onnais<\/span><\/em><\/h4>\n<p><strong>24 km +1242m\/-1242m<\/strong><\/p>\n<ul>\n<li><a href=\"http:\/\/bikelagrave.com\/index.php\/technique-endurance-levels\/\"><span style=\"font-weight: 400;\">Technique: ROUGE<\/span><\/a><\/li>\n<li><a href=\"http:\/\/bikelagrave.com\/index.php\/technique-endurance-levels\/\"><span style=\"font-weight: 400;\">Physique: ROUGE<\/span><\/a><\/li>\n<\/ul>\n<p><span style=\"font-weight: 400;\">Au d\u00e9part de la vieille ville de Brian\u00e7on, nous quittons rapidement la civilisation et montons une piste jusqu\u2019\u00e0 un vieux fort: le Fort de La Croix de Bretagne. L\u2019endroit est riche d\u2019histoire et les vestiges sont partout. Nous montons encore un peu pour finalement descendre sur l\u2019autre versant vers la Vall\u00e9e des Ayes. De l\u00e0 nous montons au petit village du M\u00e9l\u00e9zin pour rouler un superbe single qui am\u00e8ne \u00e0 Brian\u00e7on.<\/span>[\/vc_column_text][vc_btn title=&#8221;Book your trip&#8221; color=&#8221;black&#8221; align=&#8221;center&#8221; i_align=&#8221;right&#8221; i_icon_fontawesome=&#8221;&#8221; add_icon=&#8221;true&#8221; link=&#8221;url:https%3A%2F%2Fwww.bikelagrave.com%2Fbooking%2F|title:Booking&#8221;][\/vc_column][vc_column width=&#8221;1\/2&#8243; css=&#8221;.vc_custom_1572711613618{border-radius: 1px !important;}&#8221;][vc_images_carousel images=&#8221;887,920&#8243; img_size=&#8221;500&#215;500&#8243; autoplay=&#8221;yes&#8221; hide_pagination_control=&#8221;yes&#8221; hide_prev_next_buttons=&#8221;yes&#8221; wrap=&#8221;yes&#8221;][\/vc_column][\/vc_row][vc_row][vc_column][vc_separator color=&#8221;custom&#8221; accent_color=&#8221;#5b5b5b&#8221;][\/vc_column][\/vc_row][vc_row gap=&#8221;10&#8243; equal_height=&#8221;yes&#8221; content_placement=&#8221;middle&#8221;][vc_column width=&#8221;1\/2&#8243; css=&#8221;.vc_custom_1572711629926{border-radius: 1px !important;}&#8221;][vc_images_carousel images=&#8221;470,469,878,668,663,471&#8243; img_size=&#8221;500&#215;500&#8243; autoplay=&#8221;yes&#8221; hide_pagination_control=&#8221;yes&#8221; hide_prev_next_buttons=&#8221;yes&#8221; wrap=&#8221;yes&#8221;][\/vc_column][vc_column width=&#8221;1\/2&#8243; css=&#8221;.vc_custom_1572092566490{margin-top: 20px !important;}&#8221;][vc_column_text]\n<h3 style=\"text-align: center;\"><strong>Du Chazelet au refuge du Pic du Mas de La Grave<\/strong><\/h3>\n<h4 style=\"text-align: center;\"><em><span style=\"font-weight: 400;\">Une d\u00e9couverte sympathique au VTT en montagne avec des paysages incroyables<\/span><\/em><\/h4>\n<p><strong>13 km +584m\/-900m<\/strong><\/p>\n<ul>\n<li><a href=\"http:\/\/bikelagrave.com\/index.php\/technique-endurance-levels\/\"><span style=\"font-weight: 400;\">Technique: VERT<\/span><\/a><\/li>\n<li><a href=\"http:\/\/bikelagrave.com\/index.php\/technique-endurance-levels\/\"><span style=\"font-weight: 400;\">Physique: BLEU<\/span><\/a><\/li>\n<\/ul>\n<p><span style=\"font-weight: 400;\">Apr\u00e8s une courte navette entre La Grave et le Chazelet, nous remontons une piste dans une vall\u00e9e paisible. La mont\u00e9e est tranquille et parfaite pour une premi\u00e8re balade en VTT. Une condition physique minimum aide \u00e0 profiter de la journ\u00e9e mais si vous n\u2019\u00eates pas s\u00fbr de vos jambes nous pouvons utiliser un v\u00e9lo \u00e9lectrique. Apr\u00e8s avoir profit\u00e9 d\u2019un repas au refuge du Pic du Mas de la Grave, nous redescendons par le m\u00eame chemin et abordons les techniques de base de descente en montagne. Nous enchainerons ensuite par un second chemin nous conduira jusqu\u2019\u00e0 La Grave !<\/span>[\/vc_column_text][vc_btn title=&#8221;Book your trip&#8221; color=&#8221;black&#8221; align=&#8221;center&#8221; i_align=&#8221;right&#8221; i_icon_fontawesome=&#8221;&#8221; add_icon=&#8221;true&#8221; link=&#8221;url:https%3A%2F%2Fwww.bikelagrave.com%2Fbooking%2F|title:Booking&#8221;][\/vc_column][\/vc_row]\n<\/section>","protected":false},"excerpt":{"rendered":"<p>[vc_row full_width=&#8221;stretch_row_content_no_spaces&#8221;][vc_column][vc_single_image image=&#8221;853&#8243; img_size=&#8221;full&#8221; alignment=&#8221;center&#8221;][\/vc_column][\/vc_row][vc_row css=&#8221;.vc_custom_1572098338794{background-position: 0 0 !important;background-repeat: no-repeat !important;}&#8221;][vc_column][vc_column_text] All Mountain Vous voulez tester votre endurance sur quelques-uns des sentiers les plus fous des Alpes ? Alors le All Mountain est pour vous. \u00a0Nous utiliserons un VTT classique ou \u00e9lectrique pour gravir les montagnes, et vous serez r\u00e9compens\u00e9s par des descentes techniques et&hellip;<\/p>\n","protected":false},"author":2,"featured_media":0,"parent":0,"menu_order":0,"comment_status":"closed","ping_status":"closed","template":"","meta":{"inline_featured_image":false},"acf":[],"yoast_head":"<!-- This site is optimized with the Yoast SEO plugin v21.8.1 - https:\/\/yoast.com\/wordpress\/plugins\/seo\/ -->\n<title>Bike La Grave - All Mountain<\/title>\n<meta name=\"description\" content=\"Do you want to test your endurance and techniques on some of the most incredible trails in the French Alps? Then our All Mountain adventures are for you.\" \/>\n<meta name=\"robots\" content=\"index, follow, max-snippet:-1, max-image-preview:large, max-video-preview:-1\" \/>\n<link rel=\"canonical\" href=\"https:\/\/www.bikelagrave.com\/allmountain\/\" \/>\n<meta property=\"og:locale\" content=\"fr_FR\" \/>\n<meta property=\"og:type\" content=\"article\" \/>\n<meta property=\"og:title\" content=\"Bike La Grave - All Mountain\" \/>\n<meta property=\"og:description\" content=\"Do you want to test your endurance and techniques on some of the most incredible trails in the French Alps? Then our All Mountain adventures are for you.\" \/>\n<meta property=\"og:url\" content=\"https:\/\/www.bikelagrave.com\/allmountain\/\" \/>\n<meta property=\"og:site_name\" content=\"Bike La Grave\" \/>\n<meta property=\"article:modified_time\" content=\"2021-05-13T13:34:15+00:00\" \/>\n<meta name=\"twitter:card\" content=\"summary_large_image\" \/>\n<meta name=\"twitter:label1\" content=\"Dur\u00e9e de lecture estim\u00e9e\" \/>\n\t<meta name=\"twitter:data1\" content=\"5 minutes\" \/>\n<script type=\"application\/ld+json\" class=\"yoast-schema-graph\">{\"@context\":\"https:\/\/schema.org\",\"@graph\":[{\"@type\":\"WebPage\",\"@id\":\"https:\/\/www.bikelagrave.com\/allmountain\/\",\"url\":\"https:\/\/www.bikelagrave.com\/allmountain\/\",\"name\":\"Bike La Grave - All Mountain\",\"isPartOf\":{\"@id\":\"https:\/\/www.bikelagrave.com\/#website\"},\"datePublished\":\"2019-10-27T09:14:46+00:00\",\"dateModified\":\"2021-05-13T13:34:15+00:00\",\"description\":\"Do you want to test your endurance and techniques on some of the most incredible trails in the French Alps? Then our All Mountain adventures are for you.\",\"breadcrumb\":{\"@id\":\"https:\/\/www.bikelagrave.com\/allmountain\/#breadcrumb\"},\"inLanguage\":\"fr-FR\",\"potentialAction\":[{\"@type\":\"ReadAction\",\"target\":[\"https:\/\/www.bikelagrave.com\/allmountain\/\"]}]},{\"@type\":\"BreadcrumbList\",\"@id\":\"https:\/\/www.bikelagrave.com\/allmountain\/#breadcrumb\",\"itemListElement\":[{\"@type\":\"ListItem\",\"position\":1,\"name\":\"Home\",\"item\":\"https:\/\/www.bikelagrave.com\/\"},{\"@type\":\"ListItem\",\"position\":2,\"name\":\"All Mountain\"}]},{\"@type\":\"WebSite\",\"@id\":\"https:\/\/www.bikelagrave.com\/#website\",\"url\":\"https:\/\/www.bikelagrave.com\/\",\"name\":\"Bike La Grave\",\"description\":\"Biking in La Grave\",\"potentialAction\":[{\"@type\":\"SearchAction\",\"target\":{\"@type\":\"EntryPoint\",\"urlTemplate\":\"https:\/\/www.bikelagrave.com\/?s={search_term_string}\"},\"query-input\":\"required name=search_term_string\"}],\"inLanguage\":\"fr-FR\"}]}<\/script>\n<!-- \/ Yoast SEO plugin. -->","yoast_head_json":{"title":"Bike La Grave - All Mountain","description":"Do you want to test your endurance and techniques on some of the most incredible trails in the French Alps? Then our All Mountain adventures are for you.","robots":{"index":"index","follow":"follow","max-snippet":"max-snippet:-1","max-image-preview":"max-image-preview:large","max-video-preview":"max-video-preview:-1"},"canonical":"https:\/\/www.bikelagrave.com\/allmountain\/","og_locale":"fr_FR","og_type":"article","og_title":"Bike La Grave - All Mountain","og_description":"Do you want to test your endurance and techniques on some of the most incredible trails in the French Alps? Then our All Mountain adventures are for you.","og_url":"https:\/\/www.bikelagrave.com\/allmountain\/","og_site_name":"Bike La Grave","article_modified_time":"2021-05-13T13:34:15+00:00","twitter_card":"summary_large_image","twitter_misc":{"Dur\u00e9e de lecture estim\u00e9e":"5 minutes"},"schema":{"@context":"https:\/\/schema.org","@graph":[{"@type":"WebPage","@id":"https:\/\/www.bikelagrave.com\/allmountain\/","url":"https:\/\/www.bikelagrave.com\/allmountain\/","name":"Bike La Grave - All Mountain","isPartOf":{"@id":"https:\/\/www.bikelagrave.com\/#website"},"datePublished":"2019-10-27T09:14:46+00:00","dateModified":"2021-05-13T13:34:15+00:00","description":"Do you want to test your endurance and techniques on some of the most incredible trails in the French Alps? Then our All Mountain adventures are for you.","breadcrumb":{"@id":"https:\/\/www.bikelagrave.com\/allmountain\/#breadcrumb"},"inLanguage":"fr-FR","potentialAction":[{"@type":"ReadAction","target":["https:\/\/www.bikelagrave.com\/allmountain\/"]}]},{"@type":"BreadcrumbList","@id":"https:\/\/www.bikelagrave.com\/allmountain\/#breadcrumb","itemListElement":[{"@type":"ListItem","position":1,"name":"Home","item":"https:\/\/www.bikelagrave.com\/"},{"@type":"ListItem","position":2,"name":"All Mountain"}]},{"@type":"WebSite","@id":"https:\/\/www.bikelagrave.com\/#website","url":"https:\/\/www.bikelagrave.com\/","name":"Bike La Grave","description":"Biking in La Grave","potentialAction":[{"@type":"SearchAction","target":{"@type":"EntryPoint","urlTemplate":"https:\/\/www.bikelagrave.com\/?s={search_term_string}"},"query-input":"required name=search_term_string"}],"inLanguage":"fr-FR"}]}},"_links":{"self":[{"href":"https:\/\/www.bikelagrave.com\/fr\/wp-json\/wp\/v2\/pages\/424"}],"collection":[{"href":"https:\/\/www.bikelagrave.com\/fr\/wp-json\/wp\/v2\/pages"}],"about":[{"href":"https:\/\/www.bikelagrave.com\/fr\/wp-json\/wp\/v2\/types\/page"}],"author":[{"embeddable":true,"href":"https:\/\/www.bikelagrave.com\/fr\/wp-json\/wp\/v2\/users\/2"}],"replies":[{"embeddable":true,"href":"https:\/\/www.bikelagrave.com\/fr\/wp-json\/wp\/v2\/comments?post=424"}],"version-history":[{"count":49,"href":"https:\/\/www.bikelagrave.com\/fr\/wp-json\/wp\/v2\/pages\/424\/revisions"}],"predecessor-version":[{"id":1252,"href":"https:\/\/www.bikelagrave.com\/fr\/wp-json\/wp\/v2\/pages\/424\/revisions\/1252"}],"wp:attachment":[{"href":"https:\/\/www.bikelagrave.com\/fr\/wp-json\/wp\/v2\/media?parent=424"}],"curies":[{"name":"wp","href":"https:\/\/api.w.org\/{rel}","templated":true}]}}