{"id":995,"date":"2020-01-09T12:06:20","date_gmt":"2020-01-09T10:06:20","guid":{"rendered":"http:\/\/jciidun.cluster028.hosting.ovh.net\/?page_id=995"},"modified":"2020-07-01T16:56:41","modified_gmt":"2020-07-01T14:56:41","slug":"renting-equipment","status":"publish","type":"page","link":"https:\/\/www.bikelagrave.com\/fr\/renting-equipment\/","title":{"rendered":"Location de Mat\u00e9riel"},"content":{"rendered":"<p class=\"qtranxs-available-languages-message qtranxs-available-languages-message-fr\">D\u00e9sol\u00e9, cet article est seulement disponible en <a href=\"https:\/\/www.bikelagrave.com\/en\/wp-json\/wp\/v2\/pages\/995\" class=\"qtranxs-available-language-link qtranxs-available-language-link-en\" title=\"English\">Anglais Am\u00e9ricain<\/a>.<\/p>","protected":false},"excerpt":{"rendered":"<p>D\u00e9sol\u00e9, cet article est seulement disponible en Anglais Am\u00e9ricain.<\/p>\n","protected":false},"author":1,"featured_media":0,"parent":0,"menu_order":0,"comment_status":"closed","ping_status":"closed","template":"","meta":{"inline_featured_image":false},"acf":[],"yoast_head":"<!-- This site is optimized with the Yoast SEO plugin v21.8.1 - https:\/\/yoast.com\/wordpress\/plugins\/seo\/ -->\n<title>Bike La Grave - Renting Equipment \/ Location de Mat\u00e9riel<\/title>\n<meta name=\"description\" content=\"Equipment rentals in La Grave. Original La Grave shop can provide small items and cool tee-shirts. If bigger items are needed, we can arrange that for you.\" \/>\n<meta name=\"robots\" content=\"index, follow, max-snippet:-1, max-image-preview:large, max-video-preview:-1\" \/>\n<link rel=\"canonical\" href=\"https:\/\/www.bikelagrave.com\/renting-equipment\/\" \/>\n<meta property=\"og:locale\" content=\"fr_FR\" \/>\n<meta property=\"og:type\" content=\"article\" \/>\n<meta property=\"og:title\" content=\"Bike La Grave - Renting Equipment \/ Location de Mat\u00e9riel\" \/>\n<meta property=\"og:description\" content=\"Equipment rentals in La Grave. Original La Grave shop can provide small items and cool tee-shirts. If bigger items are needed, we can arrange that for you.\" \/>\n<meta property=\"og:url\" content=\"https:\/\/www.bikelagrave.com\/renting-equipment\/\" \/>\n<meta property=\"og:site_name\" content=\"Bike La Grave\" \/>\n<meta property=\"article:modified_time\" content=\"2020-07-01T14:56:41+00:00\" \/>\n<meta name=\"twitter:card\" content=\"summary_large_image\" \/>\n<meta name=\"twitter:label1\" content=\"Dur\u00e9e de lecture estim\u00e9e\" \/>\n\t<meta name=\"twitter:data1\" content=\"1 minute\" \/>\n<script type=\"application\/ld+json\" class=\"yoast-schema-graph\">{\"@context\":\"https:\/\/schema.org\",\"@graph\":[{\"@type\":\"WebPage\",\"@id\":\"https:\/\/www.bikelagrave.com\/renting-equipment\/\",\"url\":\"https:\/\/www.bikelagrave.com\/renting-equipment\/\",\"name\":\"Bike La Grave - Renting Equipment \/ Location de Mat\u00e9riel\",\"isPartOf\":{\"@id\":\"https:\/\/www.bikelagrave.com\/#website\"},\"datePublished\":\"2020-01-09T10:06:20+00:00\",\"dateModified\":\"2020-07-01T14:56:41+00:00\",\"description\":\"Equipment rentals in La Grave. Original La Grave shop can provide small items and cool tee-shirts. If bigger items are needed, we can arrange that for you.\",\"breadcrumb\":{\"@id\":\"https:\/\/www.bikelagrave.com\/renting-equipment\/#breadcrumb\"},\"inLanguage\":\"fr-FR\",\"potentialAction\":[{\"@type\":\"ReadAction\",\"target\":[\"https:\/\/www.bikelagrave.com\/renting-equipment\/\"]}]},{\"@type\":\"BreadcrumbList\",\"@id\":\"https:\/\/www.bikelagrave.com\/renting-equipment\/#breadcrumb\",\"itemListElement\":[{\"@type\":\"ListItem\",\"position\":1,\"name\":\"Home\",\"item\":\"https:\/\/www.bikelagrave.com\/\"},{\"@type\":\"ListItem\",\"position\":2,\"name\":\"Renting Equipment\"}]},{\"@type\":\"WebSite\",\"@id\":\"https:\/\/www.bikelagrave.com\/#website\",\"url\":\"https:\/\/www.bikelagrave.com\/\",\"name\":\"Bike La Grave\",\"description\":\"Biking in La Grave\",\"potentialAction\":[{\"@type\":\"SearchAction\",\"target\":{\"@type\":\"EntryPoint\",\"urlTemplate\":\"https:\/\/www.bikelagrave.com\/?s={search_term_string}\"},\"query-input\":\"required name=search_term_string\"}],\"inLanguage\":\"fr-FR\"}]}<\/script>\n<!-- \/ Yoast SEO plugin. -->","yoast_head_json":{"title":"Bike La Grave - Renting Equipment \/ Location de Mat\u00e9riel","description":"Equipment rentals in La Grave. Original La Grave shop can provide small items and cool tee-shirts. If bigger items are needed, we can arrange that for you.","robots":{"index":"index","follow":"follow","max-snippet":"max-snippet:-1","max-image-preview":"max-image-preview:large","max-video-preview":"max-video-preview:-1"},"canonical":"https:\/\/www.bikelagrave.com\/renting-equipment\/","og_locale":"fr_FR","og_type":"article","og_title":"Bike La Grave - Renting Equipment \/ Location de Mat\u00e9riel","og_description":"Equipment rentals in La Grave. Original La Grave shop can provide small items and cool tee-shirts. If bigger items are needed, we can arrange that for you.","og_url":"https:\/\/www.bikelagrave.com\/renting-equipment\/","og_site_name":"Bike La Grave","article_modified_time":"2020-07-01T14:56:41+00:00","twitter_card":"summary_large_image","twitter_misc":{"Dur\u00e9e de lecture estim\u00e9e":"1 minute"},"schema":{"@context":"https:\/\/schema.org","@graph":[{"@type":"WebPage","@id":"https:\/\/www.bikelagrave.com\/renting-equipment\/","url":"https:\/\/www.bikelagrave.com\/renting-equipment\/","name":"Bike La Grave - Renting Equipment \/ Location de Mat\u00e9riel","isPartOf":{"@id":"https:\/\/www.bikelagrave.com\/#website"},"datePublished":"2020-01-09T10:06:20+00:00","dateModified":"2020-07-01T14:56:41+00:00","description":"Equipment rentals in La Grave. Original La Grave shop can provide small items and cool tee-shirts. If bigger items are needed, we can arrange that for you.","breadcrumb":{"@id":"https:\/\/www.bikelagrave.com\/renting-equipment\/#breadcrumb"},"inLanguage":"fr-FR","potentialAction":[{"@type":"ReadAction","target":["https:\/\/www.bikelagrave.com\/renting-equipment\/"]}]},{"@type":"BreadcrumbList","@id":"https:\/\/www.bikelagrave.com\/renting-equipment\/#breadcrumb","itemListElement":[{"@type":"ListItem","position":1,"name":"Home","item":"https:\/\/www.bikelagrave.com\/"},{"@type":"ListItem","position":2,"name":"Renting Equipment"}]},{"@type":"WebSite","@id":"https:\/\/www.bikelagrave.com\/#website","url":"https:\/\/www.bikelagrave.com\/","name":"Bike La Grave","description":"Biking in La Grave","potentialAction":[{"@type":"SearchAction","target":{"@type":"EntryPoint","urlTemplate":"https:\/\/www.bikelagrave.com\/?s={search_term_string}"},"query-input":"required name=search_term_string"}],"inLanguage":"fr-FR"}]}},"_links":{"self":[{"href":"https:\/\/www.bikelagrave.com\/fr\/wp-json\/wp\/v2\/pages\/995"}],"collection":[{"href":"https:\/\/www.bikelagrave.com\/fr\/wp-json\/wp\/v2\/pages"}],"about":[{"href":"https:\/\/www.bikelagrave.com\/fr\/wp-json\/wp\/v2\/types\/page"}],"author":[{"embeddable":true,"href":"https:\/\/www.bikelagrave.com\/fr\/wp-json\/wp\/v2\/users\/1"}],"replies":[{"embeddable":true,"href":"https:\/\/www.bikelagrave.com\/fr\/wp-json\/wp\/v2\/comments?post=995"}],"version-history":[{"count":8,"href":"https:\/\/www.bikelagrave.com\/fr\/wp-json\/wp\/v2\/pages\/995\/revisions"}],"predecessor-version":[{"id":1219,"href":"https:\/\/www.bikelagrave.com\/fr\/wp-json\/wp\/v2\/pages\/995\/revisions\/1219"}],"wp:attachment":[{"href":"https:\/\/www.bikelagrave.com\/fr\/wp-json\/wp\/v2\/media?parent=995"}],"curies":[{"name":"wp","href":"https:\/\/api.w.org\/{rel}","templated":true}]}}